{"id":1774,"date":"2022-05-09T14:58:05","date_gmt":"2022-05-09T12:58:05","guid":{"rendered":"http:\/\/gimatec.com\/azienda\/"},"modified":"2023-07-04T16:57:15","modified_gmt":"2023-07-04T14:57:15","slug":"gesellschaft","status":"publish","type":"page","link":"https:\/\/gimatec.com\/de\/gesellschaft\/","title":{"rendered":"Gesellschaft"},"content":{"rendered":"<p>[et_pb_section fb_built=&#8220;1&#8243; disabled_on=&#8220;off|off|on&#8220; _builder_version=&#8220;4.17.1&#8243; _module_preset=&#8220;default&#8220; background_image=&#8220;https:\/\/gimatec.com\/wp-content\/uploads\/2020\/07\/sede.jpg&#8220; global_colors_info=&#8220;{}&#8220;][et_pb_row _builder_version=&#8220;4.17.1&#8243; _module_preset=&#8220;default&#8220; global_colors_info=&#8220;{}&#8220;][et_pb_column type=&#8220;4_4&#8243; _builder_version=&#8220;4.17.1&#8243; _module_preset=&#8220;default&#8220; global_colors_info=&#8220;{}&#8220;][et_pb_divider show_divider=&#8220;off&#8220; _builder_version=&#8220;4.17.1&#8243; _module_preset=&#8220;default&#8220; width=&#8220;0%&#8220; min_height=&#8220;500px&#8220; min_height_tablet=&#8220;250px&#8220; min_height_phone=&#8220;180px&#8220; min_height_last_edited=&#8220;on|phone&#8220; global_colors_info=&#8220;{}&#8220;][\/et_pb_divider][\/et_pb_column][\/et_pb_row][\/et_pb_section][et_pb_section fb_built=&#8220;1&#8243; admin_label=&#8220;Header&#8220; _builder_version=&#8220;4.17.1&#8243; _module_preset=&#8220;default&#8220; background_image=&#8220;https:\/\/gimatec.com\/wp-content\/uploads\/2020\/07\/sede.jpg&#8220; background_enable_mask_style=&#8220;on&#8220; background_mask_style=&#8220;corner-square&#8220; custom_margin=&#8220;||||false|false&#8220; custom_padding=&#8220;4%||0%||false|false&#8220; background_last_edited=&#8220;on|desktop&#8220; background_enable_image_tablet=&#8220;off&#8220; background_enable_mask_style_tablet=&#8220;off&#8220; background_enable_mask_style_phone=&#8220;off&#8220; background_mask_aspect_ratio_tablet=&#8220;portrait&#8220; global_colors_info=&#8220;{}&#8220;][et_pb_row column_structure=&#8220;1_2,1_2&#8243; _builder_version=&#8220;4.17.1&#8243; _module_preset=&#8220;default&#8220; custom_padding=&#8220;0px||0px||true|false&#8220; box_shadow_style=&#8220;preset4&#8243; box_shadow_horizontal=&#8220;-30vw&#8220; box_shadow_vertical=&#8220;0px&#8220; box_shadow_color=&#8220;#ffffff&#8220; global_colors_info=&#8220;{}&#8220;][et_pb_column type=&#8220;1_2&#8243; _builder_version=&#8220;4.17.1&#8243; _module_preset=&#8220;default&#8220; background_enable_color=&#8220;off&#8220; custom_padding=&#8220;60px||160px||false|false&#8220; custom_padding_tablet=&#8220;||20px||false|false&#8220; custom_padding_phone=&#8220;&#8220; custom_padding_last_edited=&#8220;on|phone&#8220; global_colors_info=&#8220;{}&#8220;][et_pb_text _builder_version=&#8220;4.17.1&#8243; _module_preset=&#8220;default&#8220; header_font=&#8220;DM Sans|700||on|||||&#8220; header_font_size=&#8220;75px&#8220; header_line_height=&#8220;0.9em&#8220; hover_enabled=&#8220;0&#8243; header_font_size_tablet=&#8220;80px&#8220; header_font_size_phone=&#8220;48px&#8220; header_font_size_last_edited=&#8220;on|tablet&#8220; header_line_height_tablet=&#8220;1em&#8220; header_line_height_phone=&#8220;&#8220; header_line_height_last_edited=&#8220;on|desktop&#8220; global_colors_info=&#8220;{}&#8220; sticky_enabled=&#8220;0&#8243;]<\/p>\n<h1>unsere Geschichte<\/h1>\n<p>[\/et_pb_text][et_pb_text _builder_version=&#8220;4.17.1&#8243; _module_preset=&#8220;default&#8220; text_font_size=&#8220;16px&#8220; global_colors_info=&#8220;{}&#8220;]<\/p>\n<p>Gimatec wurde 1994 von Gesellschaftern gegr\u00fcndet, die 10 Jahre Erfahrung bei Kunststoffen und technischen Artikeln einbrachten. Wir arbeiten mit Unternehmen aus allen Industriebereichen zusammen, nicht nur auf dem italienischen Markt, sondern auch im Ausland.<\/p>\n<p>[\/et_pb_text][\/et_pb_column][et_pb_column type=&#8220;1_2&#8243; _builder_version=&#8220;4.16&#8243; _module_preset=&#8220;default&#8220; custom_padding_tablet=&#8220;50px||||false|false&#8220; custom_padding_phone=&#8220;&#8220; custom_padding_last_edited=&#8220;on|desktop&#8220; global_colors_info=&#8220;{}&#8220;][\/et_pb_column][\/et_pb_row][\/et_pb_section][et_pb_section fb_built=&#8220;1&#8243; admin_label=&#8220;About&#8220; _builder_version=&#8220;4.17.1&#8243; _module_preset=&#8220;default&#8220; background_color=&#8220;#f2f2f2&#8243; custom_padding=&#8220;||||false|false&#8220; global_colors_info=&#8220;{}&#8220;][et_pb_row make_equal=&#8220;on&#8220; _builder_version=&#8220;4.17.1&#8243; _module_preset=&#8220;default&#8220; custom_padding=&#8220;0px||0px||true|false&#8220; custom_css_main_element=&#8220;align-items:center;&#8220; global_colors_info=&#8220;{}&#8220;][et_pb_column type=&#8220;4_4&#8243; _builder_version=&#8220;4.16&#8243; _module_preset=&#8220;default&#8220; global_colors_info=&#8220;{}&#8220;][et_pb_text _builder_version=&#8220;4.17.1&#8243; _module_preset=&#8220;default&#8220; header_2_font=&#8220;DM Sans|700||on|||||&#8220; header_2_text_align=&#8220;center&#8220; header_2_font_size=&#8220;40px&#8220; header_2_line_height=&#8220;1.2em&#8220; custom_margin=&#8220;||10px||false|false&#8220; header_2_font_size_tablet=&#8220;42px&#8220; header_2_font_size_phone=&#8220;30px&#8220; header_2_font_size_last_edited=&#8220;on|phone&#8220; header_2_line_height_tablet=&#8220;1.2em&#8220; header_2_line_height_phone=&#8220;&#8220; header_2_line_height_last_edited=&#8220;on|tablet&#8220; global_colors_info=&#8220;{}&#8220;]<\/p>\n<h2>Erfahrung, Professionalit\u00e4t, Dynamik, Qualit\u00e4t und Freundlichkeit zeichnen uns aus.<\/h2>\n<p>[\/et_pb_text][\/et_pb_column][\/et_pb_row][\/et_pb_section][et_pb_section fb_built=&#8220;1&#8243; admin_label=&#8220;Feature&#8220; _builder_version=&#8220;4.17.1&#8243; _module_preset=&#8220;default&#8220; custom_margin=&#8220;||||false|false&#8220; custom_padding=&#8220;||||false|false&#8220; global_colors_info=&#8220;{}&#8220;][et_pb_row column_structure=&#8220;1_2,1_2&#8243; make_equal=&#8220;on&#8220; _builder_version=&#8220;4.17.1&#8243; _module_preset=&#8220;default&#8220; custom_padding=&#8220;0px||0px||false|false&#8220; custom_css_main_element=&#8220;align-items:center;&#8220; global_colors_info=&#8220;{}&#8220;][et_pb_column type=&#8220;1_2&#8243; _builder_version=&#8220;4.17.1&#8243; _module_preset=&#8220;default&#8220; custom_padding=&#8220;||||false|false&#8220; custom_padding_tablet=&#8220;120px||||false|false&#8220; custom_padding_last_edited=&#8220;off|tablet&#8220; global_colors_info=&#8220;{}&#8220;][et_pb_text _builder_version=&#8220;4.17.1&#8243; _module_preset=&#8220;default&#8220; header_2_font=&#8220;DM Sans|700||on|||||&#8220; header_2_font_size=&#8220;45px&#8220; custom_margin=&#8220;||||false|false&#8220; custom_padding=&#8220;5%||||false|false&#8220; header_2_font_size_tablet=&#8220;42px&#8220; header_2_font_size_phone=&#8220;30px&#8220; header_2_font_size_last_edited=&#8220;on|phone&#8220; header_2_line_height_tablet=&#8220;1.2em&#8220; header_2_line_height_phone=&#8220;&#8220; header_2_line_height_last_edited=&#8220;on|tablet&#8220; border_width_top=&#8220;20px&#8220; border_color_top=&#8220;#af1c1f&#8220; locked=&#8220;off&#8220; global_colors_info=&#8220;{}&#8220;]<\/p>\n<h2>Verbesserung und Qualit\u00e4t<\/h2>\n<p>[\/et_pb_text][et_pb_text _builder_version=&#8220;4.17.1&#8243; _module_preset=&#8220;default&#8220; text_font_size=&#8220;16px&#8220; global_colors_info=&#8220;{}&#8220;]<\/p>\n<p>Wir arbeiten seit jeher an der st\u00e4ndigen technischen Weiterentwicklung und der Qualit\u00e4tsverbesserung des Leistungsangebots und sehen als unsere Mission die F\u00e4higkeit, im Laufe der Jahre nicht nur Lieferanten, sondern verl\u00e4ssliche Partner zu werden, auf die die Unternehmen bei der Entwicklung eigener Arbeiten und Projekte z\u00e4hlen k\u00f6nnen.<\/p>\n<p>[\/et_pb_text][\/et_pb_column][et_pb_column type=&#8220;1_2&#8243; _builder_version=&#8220;4.16&#8243; _module_preset=&#8220;default&#8220; global_colors_info=&#8220;{}&#8220;][et_pb_image src=&#8220;http:\/\/gimatec.com\/wp-content\/uploads\/2023\/07\/ISO-9001-CERT-10709-2002-AQ-VEN-SINCERT-3-en-US-20230508-20230508070612.jpg&#8220; title_text=&#8220;ISO-9001-CERT-10709-2002-AQ-VEN-SINCERT-3-en-US-20230508-20230508070612&#8243; url=&#8220;\/wp-content\/uploads\/2023\/07\/ISO-9001-CERT-10709-2002-AQ-VEN-SINCERT-3-en-US-20230508-20230508070612.pdf&#8220; url_new_window=&#8220;on&#8220; _builder_version=&#8220;4.17.1&#8243; _module_preset=&#8220;default&#8220; width=&#8220;100%&#8220; max_width=&#8220;70%&#8220; module_alignment=&#8220;center&#8220; custom_margin=&#8220;|-10vw|||false|false&#8220; custom_margin_tablet=&#8220;|0vw|||false|false&#8220; custom_margin_phone=&#8220;&#8220; custom_margin_last_edited=&#8220;on|phone&#8220; hover_enabled=&#8220;0&#8243; box_shadow_style=&#8220;preset3&#8243; global_colors_info=&#8220;{}&#8220; sticky_enabled=&#8220;0&#8243;][\/et_pb_image][\/et_pb_column][\/et_pb_row][\/et_pb_section]<\/p>\n","protected":false},"excerpt":{"rendered":"<p>unsere GeschichteGimatec wurde 1994 von Gesellschaftern gegr\u00fcndet, die 10 Jahre Erfahrung bei Kunststoffen und technischen Artikeln einbrachten. Wir arbeiten mit Unternehmen aus allen Industriebereichen zusammen, nicht nur auf dem italienischen Markt, sondern auch im Ausland.Erfahrung, Professionalit\u00e4t, Dynamik, Qualit\u00e4t und Freundlichkeit zeichnen uns aus.Verbesserung und Qualit\u00e4tWir arbeiten seit jeher an der st\u00e4ndigen technischen Weiterentwicklung und der [&hellip;]<\/p>\n","protected":false},"author":1,"featured_media":0,"parent":0,"menu_order":0,"comment_status":"closed","ping_status":"closed","template":"","meta":{"_et_pb_use_builder":"on","_et_pb_old_content":"","_et_gb_content_width":"","footnotes":""},"class_list":["post-1774","page","type-page","status-publish","hentry"],"acf":[],"yoast_head":"<!-- This site is optimized with the Yoast SEO plugin v24.5 - https:\/\/yoast.com\/wordpress\/plugins\/seo\/ -->\n<title>Die Gesellschaft - Gimatec<\/title>\n<meta name=\"description\" content=\"Gimatec wurde 1994 gegr\u00fcndet, dank der zehnj\u00e4hrigen Erfahrung der Inhaber im Bereich Kunststoffe und technische Artikel.\" \/>\n<meta name=\"robots\" content=\"index, follow, max-snippet:-1, max-image-preview:large, max-video-preview:-1\" \/>\n<link rel=\"canonical\" href=\"https:\/\/gimatec.com\/de\/gesellschaft\/\" \/>\n<meta property=\"og:locale\" content=\"de_DE\" \/>\n<meta property=\"og:type\" content=\"article\" \/>\n<meta property=\"og:title\" content=\"Die Gesellschaft - Gimatec\" \/>\n<meta property=\"og:description\" content=\"Gimatec wurde 1994 gegr\u00fcndet, dank der zehnj\u00e4hrigen Erfahrung der Inhaber im Bereich Kunststoffe und technische Artikel.\" \/>\n<meta property=\"og:url\" content=\"https:\/\/gimatec.com\/de\/gesellschaft\/\" \/>\n<meta property=\"og:site_name\" content=\"Gimatec\" \/>\n<meta property=\"article:modified_time\" content=\"2023-07-04T14:57:15+00:00\" \/>\n<meta name=\"twitter:card\" content=\"summary_large_image\" \/>\n<meta name=\"twitter:label1\" content=\"Gesch\u00e4tzte Lesezeit\" \/>\n\t<meta name=\"twitter:data1\" content=\"2\u00a0Minuten\" \/>\n<script type=\"application\/ld+json\" class=\"yoast-schema-graph\">{\"@context\":\"https:\/\/schema.org\",\"@graph\":[{\"@type\":\"WebPage\",\"@id\":\"https:\/\/gimatec.com\/de\/gesellschaft\/\",\"url\":\"https:\/\/gimatec.com\/de\/gesellschaft\/\",\"name\":\"Die Gesellschaft - Gimatec\",\"isPartOf\":{\"@id\":\"https:\/\/gimatec.com\/de\/#website\"},\"datePublished\":\"2022-05-09T12:58:05+00:00\",\"dateModified\":\"2023-07-04T14:57:15+00:00\",\"description\":\"Gimatec wurde 1994 gegr\u00fcndet, dank der zehnj\u00e4hrigen Erfahrung der Inhaber im Bereich Kunststoffe und technische Artikel.\",\"breadcrumb\":{\"@id\":\"https:\/\/gimatec.com\/de\/gesellschaft\/#breadcrumb\"},\"inLanguage\":\"de\",\"potentialAction\":[{\"@type\":\"ReadAction\",\"target\":[\"https:\/\/gimatec.com\/de\/gesellschaft\/\"]}]},{\"@type\":\"BreadcrumbList\",\"@id\":\"https:\/\/gimatec.com\/de\/gesellschaft\/#breadcrumb\",\"itemListElement\":[{\"@type\":\"ListItem\",\"position\":1,\"name\":\"Home\",\"item\":\"https:\/\/gimatec.com\/de\/\"},{\"@type\":\"ListItem\",\"position\":2,\"name\":\"Gesellschaft\"}]},{\"@type\":\"WebSite\",\"@id\":\"https:\/\/gimatec.com\/de\/#website\",\"url\":\"https:\/\/gimatec.com\/de\/\",\"name\":\"Gimatec\",\"description\":\"\",\"publisher\":{\"@id\":\"https:\/\/gimatec.com\/de\/#organization\"},\"potentialAction\":[{\"@type\":\"SearchAction\",\"target\":{\"@type\":\"EntryPoint\",\"urlTemplate\":\"https:\/\/gimatec.com\/de\/?s={search_term_string}\"},\"query-input\":{\"@type\":\"PropertyValueSpecification\",\"valueRequired\":true,\"valueName\":\"search_term_string\"}}],\"inLanguage\":\"de\"},{\"@type\":\"Organization\",\"@id\":\"https:\/\/gimatec.com\/de\/#organization\",\"name\":\"Gimatec\",\"url\":\"https:\/\/gimatec.com\/de\/\",\"logo\":{\"@type\":\"ImageObject\",\"inLanguage\":\"de\",\"@id\":\"https:\/\/gimatec.com\/de\/#\/schema\/logo\/image\/\",\"url\":\"http:\/\/gimatec.com\/wp-content\/uploads\/2022\/06\/logo-W-01.png\",\"contentUrl\":\"http:\/\/gimatec.com\/wp-content\/uploads\/2022\/06\/logo-W-01.png\",\"width\":2251,\"height\":2251,\"caption\":\"Gimatec\"},\"image\":{\"@id\":\"https:\/\/gimatec.com\/de\/#\/schema\/logo\/image\/\"}}]}<\/script>\n<!-- \/ Yoast SEO plugin. -->","yoast_head_json":{"title":"Die Gesellschaft - Gimatec","description":"Gimatec wurde 1994 gegr\u00fcndet, dank der zehnj\u00e4hrigen Erfahrung der Inhaber im Bereich Kunststoffe und technische Artikel.","robots":{"index":"index","follow":"follow","max-snippet":"max-snippet:-1","max-image-preview":"max-image-preview:large","max-video-preview":"max-video-preview:-1"},"canonical":"https:\/\/gimatec.com\/de\/gesellschaft\/","og_locale":"de_DE","og_type":"article","og_title":"Die Gesellschaft - Gimatec","og_description":"Gimatec wurde 1994 gegr\u00fcndet, dank der zehnj\u00e4hrigen Erfahrung der Inhaber im Bereich Kunststoffe und technische Artikel.","og_url":"https:\/\/gimatec.com\/de\/gesellschaft\/","og_site_name":"Gimatec","article_modified_time":"2023-07-04T14:57:15+00:00","twitter_card":"summary_large_image","twitter_misc":{"Gesch\u00e4tzte Lesezeit":"2\u00a0Minuten"},"schema":{"@context":"https:\/\/schema.org","@graph":[{"@type":"WebPage","@id":"https:\/\/gimatec.com\/de\/gesellschaft\/","url":"https:\/\/gimatec.com\/de\/gesellschaft\/","name":"Die Gesellschaft - Gimatec","isPartOf":{"@id":"https:\/\/gimatec.com\/de\/#website"},"datePublished":"2022-05-09T12:58:05+00:00","dateModified":"2023-07-04T14:57:15+00:00","description":"Gimatec wurde 1994 gegr\u00fcndet, dank der zehnj\u00e4hrigen Erfahrung der Inhaber im Bereich Kunststoffe und technische Artikel.","breadcrumb":{"@id":"https:\/\/gimatec.com\/de\/gesellschaft\/#breadcrumb"},"inLanguage":"de","potentialAction":[{"@type":"ReadAction","target":["https:\/\/gimatec.com\/de\/gesellschaft\/"]}]},{"@type":"BreadcrumbList","@id":"https:\/\/gimatec.com\/de\/gesellschaft\/#breadcrumb","itemListElement":[{"@type":"ListItem","position":1,"name":"Home","item":"https:\/\/gimatec.com\/de\/"},{"@type":"ListItem","position":2,"name":"Gesellschaft"}]},{"@type":"WebSite","@id":"https:\/\/gimatec.com\/de\/#website","url":"https:\/\/gimatec.com\/de\/","name":"Gimatec","description":"","publisher":{"@id":"https:\/\/gimatec.com\/de\/#organization"},"potentialAction":[{"@type":"SearchAction","target":{"@type":"EntryPoint","urlTemplate":"https:\/\/gimatec.com\/de\/?s={search_term_string}"},"query-input":{"@type":"PropertyValueSpecification","valueRequired":true,"valueName":"search_term_string"}}],"inLanguage":"de"},{"@type":"Organization","@id":"https:\/\/gimatec.com\/de\/#organization","name":"Gimatec","url":"https:\/\/gimatec.com\/de\/","logo":{"@type":"ImageObject","inLanguage":"de","@id":"https:\/\/gimatec.com\/de\/#\/schema\/logo\/image\/","url":"http:\/\/gimatec.com\/wp-content\/uploads\/2022\/06\/logo-W-01.png","contentUrl":"http:\/\/gimatec.com\/wp-content\/uploads\/2022\/06\/logo-W-01.png","width":2251,"height":2251,"caption":"Gimatec"},"image":{"@id":"https:\/\/gimatec.com\/de\/#\/schema\/logo\/image\/"}}]}},"_links":{"self":[{"href":"https:\/\/gimatec.com\/de\/wp-json\/wp\/v2\/pages\/1774","targetHints":{"allow":["GET"]}}],"collection":[{"href":"https:\/\/gimatec.com\/de\/wp-json\/wp\/v2\/pages"}],"about":[{"href":"https:\/\/gimatec.com\/de\/wp-json\/wp\/v2\/types\/page"}],"author":[{"embeddable":true,"href":"https:\/\/gimatec.com\/de\/wp-json\/wp\/v2\/users\/1"}],"replies":[{"embeddable":true,"href":"https:\/\/gimatec.com\/de\/wp-json\/wp\/v2\/comments?post=1774"}],"version-history":[{"count":3,"href":"https:\/\/gimatec.com\/de\/wp-json\/wp\/v2\/pages\/1774\/revisions"}],"predecessor-version":[{"id":2796,"href":"https:\/\/gimatec.com\/de\/wp-json\/wp\/v2\/pages\/1774\/revisions\/2796"}],"wp:attachment":[{"href":"https:\/\/gimatec.com\/de\/wp-json\/wp\/v2\/media?parent=1774"}],"curies":[{"name":"wp","href":"https:\/\/api.w.org\/{rel}","templated":true}]}}