{"id":1776,"date":"2022-05-25T08:55:03","date_gmt":"2022-05-25T06:55:03","guid":{"rendered":"http:\/\/gimatec.com\/coming-soon\/"},"modified":"2022-07-01T15:36:26","modified_gmt":"2022-07-01T13:36:26","slug":"demnaechst","status":"publish","type":"page","link":"https:\/\/gimatec.com\/de\/demnaechst\/","title":{"rendered":"Demn\u00e4chst"},"content":{"rendered":"<p>[et_pb_section fb_built=&#8220;1&#8243; admin_label=&#8220;Header&#8220; _builder_version=&#8220;4.17.1&#8243; _module_preset=&#8220;default&#8220; custom_margin=&#8220;||0px||false|false&#8220; custom_padding=&#8220;||0px||false|false&#8220; global_colors_info=&#8220;{}&#8220;][et_pb_row make_equal=&#8220;on&#8220; _builder_version=&#8220;4.17.1&#8243; _module_preset=&#8220;default&#8220; custom_css_main_element=&#8220;align-items:center;&#8220; global_colors_info=&#8220;{}&#8220;][et_pb_column type=&#8220;4_4&#8243; _builder_version=&#8220;4.16&#8243; _module_preset=&#8220;default&#8220; global_colors_info=&#8220;{}&#8220;][et_pb_text _builder_version=&#8220;4.17.1&#8243; _module_preset=&#8220;default&#8220; header_font=&#8220;DM Sans|700||on|||||&#8220; header_font_size=&#8220;80px&#8220; header_font_size_tablet=&#8220;80px&#8220; header_font_size_phone=&#8220;48px&#8220; header_font_size_last_edited=&#8220;on|tablet&#8220; header_line_height_tablet=&#8220;1em&#8220; header_line_height_phone=&#8220;&#8220; header_line_height_last_edited=&#8220;on|desktop&#8220; locked=&#8220;off&#8220; global_colors_info=&#8220;{}&#8220;]<\/p>\n<h1>Coming soon<\/h1>\n<p>[\/et_pb_text][et_pb_text _builder_version=&#8220;4.17.1&#8243; _module_preset=&#8220;default&#8220; text_font=&#8220;||||||||&#8220; text_font_size=&#8220;16px&#8220; text_line_height=&#8220;1.8em&#8220; locked=&#8220;off&#8220; global_colors_info=&#8220;{}&#8220;]<\/p>\n<h2><strong>Die Seite befindet sich im Aufbau! <\/strong><\/h2>\n<p>Ben\u00f6tigen Sie Informationen dazu? Kontaktieren Sie uns und wir werden so schnell wie m\u00f6glich antworten.<\/p>\n<p>[\/et_pb_text][\/et_pb_column][\/et_pb_row][\/et_pb_section][et_pb_section fb_built=&#8220;1&#8243; admin_label=&#8220;Contact Info&#8220; _builder_version=&#8220;4.17.1&#8243; _module_preset=&#8220;default&#8220; background_color=&#8220;#f2f2f2&#8243; global_colors_info=&#8220;{}&#8220;][et_pb_row column_structure=&#8220;1_3,1_3,1_3&#8243; use_custom_gutter=&#8220;on&#8220; gutter_width=&#8220;2&#8243; make_equal=&#8220;on&#8220; _builder_version=&#8220;4.17.1&#8243; _module_preset=&#8220;default&#8220; global_colors_info=&#8220;{}&#8220;][et_pb_column type=&#8220;1_3&#8243; _builder_version=&#8220;4.16&#8243; _module_preset=&#8220;default&#8220; background_color=&#8220;#000000&#8243; custom_padding=&#8220;50px|20px|70px|20px|false|true&#8220; custom_padding_tablet=&#8220;30px||40px||false|false&#8220; custom_padding_phone=&#8220;|||||false&#8220; custom_padding_last_edited=&#8220;on|desktop&#8220; global_colors_info=&#8220;{}&#8220;][et_pb_blurb title=&#8220;Telefon&#8220; use_icon=&#8220;on&#8220; font_icon=&#8220;\ue090||divi||400&#8243; icon_color=&#8220;#ffffff&#8220; image_icon_width=&#8220;30px&#8220; _builder_version=&#8220;4.17.1&#8243; _module_preset=&#8220;default&#8220; header_font=&#8220;DM Sans|700||on|||||&#8220; header_font_size=&#8220;30px&#8220; header_line_height=&#8220;1.2em&#8220; body_text_color=&#8220;#FFFFFF&#8220; background_enable_color=&#8220;off&#8220; text_orientation=&#8220;center&#8220; background_layout=&#8220;dark&#8220; animation=&#8220;off&#8220; header_font_size_tablet=&#8220;22px&#8220; header_font_size_phone=&#8220;18px&#8220; header_font_size_last_edited=&#8220;on|phone&#8220; icon_font_size=&#8220;30px&#8220; global_colors_info=&#8220;{}&#8220;]<\/p>\n<p><span style=\"color: #ffffff;\"><a href=\"tel:+390445314128\" style=\"color: #ffffff;\">  0445 314128  <\/a><\/span><\/p>\n<p>[\/et_pb_blurb][\/et_pb_column][et_pb_column type=&#8220;1_3&#8243; _builder_version=&#8220;4.17.1&#8243; _module_preset=&#8220;default&#8220; background_color=&#8220;#af1c1f&#8220; custom_padding=&#8220;50px|20px|70px|20px|false|true&#8220; custom_padding_tablet=&#8220;30px||40px||false|false&#8220; custom_padding_phone=&#8220;|||||false&#8220; custom_padding_last_edited=&#8220;on|desktop&#8220; global_colors_info=&#8220;{}&#8220;][et_pb_blurb title=&#8220;Email&#8220; use_icon=&#8220;on&#8220; font_icon=&#8220;\ue076||divi||400&#8243; icon_color=&#8220;#ffffff&#8220; image_icon_width=&#8220;30px&#8220; _builder_version=&#8220;4.17.1&#8243; _module_preset=&#8220;default&#8220; header_font=&#8220;DM Sans|700||on|||||&#8220; header_font_size=&#8220;30px&#8220; header_line_height=&#8220;1.2em&#8220; body_text_color=&#8220;#FFFFFF&#8220; background_enable_color=&#8220;off&#8220; text_orientation=&#8220;center&#8220; background_layout=&#8220;dark&#8220; animation=&#8220;off&#8220; header_font_size_tablet=&#8220;22px&#8220; header_font_size_phone=&#8220;18px&#8220; header_font_size_last_edited=&#8220;on|phone&#8220; icon_font_size=&#8220;30px&#8220; locked=&#8220;off&#8220; global_colors_info=&#8220;{}&#8220;]<\/p>\n<p><span style=\"color: #ffffff;\"><a href=\"mailto:commerciale@gimatec.com\" style=\"color: #ffffff;\">commerciale@gimatec.com<\/a><\/span><\/p>\n<p>[\/et_pb_blurb][\/et_pb_column][et_pb_column type=&#8220;1_3&#8243; _builder_version=&#8220;4.16&#8243; _module_preset=&#8220;default&#8220; custom_padding=&#8220;50px||||false|false&#8220; custom_padding_tablet=&#8220;0px||||false|false&#8220; custom_padding_phone=&#8220;|||||false&#8220; custom_padding_last_edited=&#8220;on|desktop&#8220; global_colors_info=&#8220;{}&#8220;][et_pb_text _builder_version=&#8220;4.17.1&#8243; _module_preset=&#8220;default&#8220; header_3_font=&#8220;DM Sans|700||on|||||&#8220; header_3_font_size=&#8220;30px&#8220; header_3_line_height=&#8220;1.2em&#8220; custom_margin=&#8220;||0px||false|false&#8220; header_3_font_size_tablet=&#8220;20px&#8220; header_3_font_size_phone=&#8220;16px&#8220; header_3_font_size_last_edited=&#8220;on|phone&#8220; global_colors_info=&#8220;{}&#8220;]<\/p>\n<h3>\u00d6ffnungszeit<\/h3>\n<p>&nbsp;<\/p>\n<h3><\/h3>\n<p>[\/et_pb_text][et_pb_text _builder_version=&#8220;4.17.1&#8243; _module_preset=&#8220;default&#8220; text_line_height=&#8220;1.8em&#8220; custom_margin=&#8220;||10px||false|false&#8220; hover_enabled=&#8220;0&#8243; global_colors_info=&#8220;{}&#8220; sticky_enabled=&#8220;0&#8243;]<\/p>\n<p>Montag &#8211; Freitag<br \/><strong>von 08:00 bis 17:30 Uhr<\/strong><\/p>\n<p>[\/et_pb_text][et_pb_text _builder_version=&#8220;4.17.1&#8243; _module_preset=&#8220;default&#8220; text_line_height=&#8220;1.8em&#8220; custom_margin=&#8220;||10px||false|false&#8220; global_colors_info=&#8220;{}&#8220;]<\/p>\n<p>Samstag und Sonntag<br \/><strong>Gesperrt<\/strong><\/p>\n<p>[\/et_pb_text][\/et_pb_column][\/et_pb_row][\/et_pb_section][et_pb_section fb_built=&#8220;1&#8243; admin_label=&#8220;Contact Form&#8220; _builder_version=&#8220;4.16&#8243; _module_preset=&#8220;default&#8220; global_colors_info=&#8220;{}&#8220;][et_pb_row column_structure=&#8220;1_2,1_2&#8243; _builder_version=&#8220;4.16&#8243; _module_preset=&#8220;default&#8220; global_colors_info=&#8220;{}&#8220;][et_pb_column type=&#8220;1_2&#8243; _builder_version=&#8220;4.16&#8243; _module_preset=&#8220;default&#8220; global_colors_info=&#8220;{}&#8220;][et_pb_code _builder_version=&#8220;4.17.1&#8243; _module_preset=&#8220;default&#8220; global_colors_info=&#8220;{}&#8220;]<iframe src=\"https:\/\/www.google.com\/maps\/embed?pb=!1m14!1m8!1m3!1d11141.78342171835!2d11.4184751!3d45.7221527!3m2!1i1024!2i768!4f13.1!3m3!1m2!1s0x0%3A0x604c841c33d020b1!2sGimatec%20Srl!5e0!3m2!1sit!2sit!4v1652102243515!5m2!1sit!2sit\" width=\"600\" height=\"450\" style=\"border:0;\" allowfullscreen=\"\" loading=\"lazy\" referrerpolicy=\"no-referrer-when-downgrade\"><\/iframe>[\/et_pb_code][\/et_pb_column][et_pb_column type=&#8220;1_2&#8243; _builder_version=&#8220;4.16&#8243; _module_preset=&#8220;default&#8220; global_colors_info=&#8220;{}&#8220;][et_pb_text _builder_version=&#8220;4.17.1&#8243; _module_preset=&#8220;default&#8220; header_2_font=&#8220;DM Sans|700||on|||||&#8220; header_2_font_size=&#8220;70px&#8220; custom_margin=&#8220;||10px||false|false&#8220; header_2_font_size_tablet=&#8220;42px&#8220; header_2_font_size_phone=&#8220;30px&#8220; header_2_font_size_last_edited=&#8220;on|phone&#8220; header_2_line_height_tablet=&#8220;1.2em&#8220; header_2_line_height_phone=&#8220;&#8220; header_2_line_height_last_edited=&#8220;on|tablet&#8220; locked=&#8220;off&#8220; global_colors_info=&#8220;{}&#8220;]<\/p>\n<h2>Senden Sie uns Ihre Anfrage<\/h2>\n<p>[\/et_pb_text][dvppl_cf7_styler button_alignment=&#8220;right&#8220; cf7=&#8220;397&#8243; form_field_padding=&#8220;16px|15px|16px|15px|true|false&#8220; form_background_color=&#8220;RGBA(255,255,255,0)&#8220; form_field_spacing=&#8220;0px&#8220; form_label_spacing=&#8220;-5px&#8220; cr_custom_styles=&#8220;on&#8220; cr_selected_color=&#8220;#E02B20&#8243; _builder_version=&#8220;4.17.1&#8243; _module_preset=&#8220;default&#8220; form_field_font_text_color=&#8220;#333333&#8243; placeholder_text_color=&#8220;#000000&#8243; custom_submit_button=&#8220;on&#8220; submit_button_text_color=&#8220;#FFFFFF&#8220; submit_button_bg_color=&#8220;#000000&#8243; submit_button_border_width=&#8220;0px&#8220; submit_button_border_radius=&#8220;0px&#8220; submit_button_font=&#8220;|700||on|on||||&#8220; submit_button_custom_padding=&#8220;3%|7%|3%|7%|true|true&#8220; border_radii_field=&#8220;on|5px|5px|5px|5px&#8220; global_colors_info=&#8220;{}&#8220;][\/dvppl_cf7_styler][\/et_pb_column][\/et_pb_row][\/et_pb_section]<\/p>\n","protected":false},"excerpt":{"rendered":"<p>Coming soonDie Seite befindet sich im Aufbau! Ben\u00f6tigen Sie Informationen dazu? Kontaktieren Sie uns und wir werden so schnell wie m\u00f6glich antworten. 0445 314128 commerciale@gimatec.com\u00d6ffnungszeit &nbsp; Montag &#8211; Freitagvon 08:00 bis 17:30 UhrSamstag und SonntagGesperrtSenden Sie uns Ihre Anfrage<div class=\"et_pb_module dvppl_cf7_styler dvppl_cf7_styler_0\">\n\t\t\t\t\n\t\t\t\t\n\t\t\t\t\n\t\t\t\t\n\t\t\t\t\n\t\t\t\t\n\t\t\t\t<div class=\"et_pb_module_inner\">\n\t\t\t\t\t<div class=\"dipe-cf7-container dipe-cf7-button-&#8220;right&#8220;\">\n\t\t\t\t\n\t\t\t\t<div class=\"dipe-cf7 dipe-cf7-styler \">\n\t\t\t\t\t<p class=\"wpcf7-contact-form-not-found\"><strong>Fehler:<\/strong> Kontaktformular wurde nicht gefunden.<\/p>\n\t\t\t\t<\/div>\n\t\t\t<\/div>\n\t\t\t\t<\/div>\n\t\t\t<\/div><\/p>\n","protected":false},"author":1,"featured_media":0,"parent":0,"menu_order":0,"comment_status":"closed","ping_status":"closed","template":"","meta":{"_et_pb_use_builder":"on","_et_pb_old_content":"","_et_gb_content_width":"","footnotes":""},"class_list":["post-1776","page","type-page","status-publish","hentry"],"acf":[],"yoast_head":"<!-- This site is optimized with the Yoast SEO plugin v24.5 - https:\/\/yoast.com\/wordpress\/plugins\/seo\/ -->\n<title>Demn\u00e4chst - Gimatec<\/title>\n<meta name=\"robots\" content=\"index, follow, max-snippet:-1, max-image-preview:large, max-video-preview:-1\" \/>\n<link rel=\"canonical\" href=\"https:\/\/gimatec.com\/de\/demnaechst\/\" \/>\n<meta property=\"og:locale\" content=\"de_DE\" \/>\n<meta property=\"og:type\" content=\"article\" \/>\n<meta property=\"og:title\" content=\"Demn\u00e4chst - Gimatec\" \/>\n<meta property=\"og:description\" content=\"Coming soonDie Seite befindet sich im Aufbau! Ben\u00f6tigen Sie Informationen dazu? Kontaktieren Sie uns und wir werden so schnell wie m\u00f6glich antworten. 0445 314128 commerciale@gimatec.com\u00d6ffnungszeit &nbsp; Montag - Freitagvon 08:00 bis 17:30 UhrSamstag und SonntagGesperrtSenden Sie uns Ihre Anfrage\" \/>\n<meta property=\"og:url\" content=\"https:\/\/gimatec.com\/de\/demnaechst\/\" \/>\n<meta property=\"og:site_name\" content=\"Gimatec\" \/>\n<meta property=\"article:modified_time\" content=\"2022-07-01T13:36:26+00:00\" \/>\n<meta name=\"twitter:card\" content=\"summary_large_image\" \/>\n<meta name=\"twitter:label1\" content=\"Gesch\u00e4tzte Lesezeit\" \/>\n\t<meta name=\"twitter:data1\" content=\"4\u00a0Minuten\" \/>\n<script type=\"application\/ld+json\" class=\"yoast-schema-graph\">{\"@context\":\"https:\/\/schema.org\",\"@graph\":[{\"@type\":\"WebPage\",\"@id\":\"https:\/\/gimatec.com\/de\/demnaechst\/\",\"url\":\"https:\/\/gimatec.com\/de\/demnaechst\/\",\"name\":\"Demn\u00e4chst - Gimatec\",\"isPartOf\":{\"@id\":\"https:\/\/gimatec.com\/de\/#website\"},\"datePublished\":\"2022-05-25T06:55:03+00:00\",\"dateModified\":\"2022-07-01T13:36:26+00:00\",\"breadcrumb\":{\"@id\":\"https:\/\/gimatec.com\/de\/demnaechst\/#breadcrumb\"},\"inLanguage\":\"de\",\"potentialAction\":[{\"@type\":\"ReadAction\",\"target\":[\"https:\/\/gimatec.com\/de\/demnaechst\/\"]}]},{\"@type\":\"BreadcrumbList\",\"@id\":\"https:\/\/gimatec.com\/de\/demnaechst\/#breadcrumb\",\"itemListElement\":[{\"@type\":\"ListItem\",\"position\":1,\"name\":\"Home\",\"item\":\"https:\/\/gimatec.com\/de\/\"},{\"@type\":\"ListItem\",\"position\":2,\"name\":\"Demn\u00e4chst\"}]},{\"@type\":\"WebSite\",\"@id\":\"https:\/\/gimatec.com\/de\/#website\",\"url\":\"https:\/\/gimatec.com\/de\/\",\"name\":\"Gimatec\",\"description\":\"\",\"publisher\":{\"@id\":\"https:\/\/gimatec.com\/de\/#organization\"},\"potentialAction\":[{\"@type\":\"SearchAction\",\"target\":{\"@type\":\"EntryPoint\",\"urlTemplate\":\"https:\/\/gimatec.com\/de\/?s={search_term_string}\"},\"query-input\":{\"@type\":\"PropertyValueSpecification\",\"valueRequired\":true,\"valueName\":\"search_term_string\"}}],\"inLanguage\":\"de\"},{\"@type\":\"Organization\",\"@id\":\"https:\/\/gimatec.com\/de\/#organization\",\"name\":\"Gimatec\",\"url\":\"https:\/\/gimatec.com\/de\/\",\"logo\":{\"@type\":\"ImageObject\",\"inLanguage\":\"de\",\"@id\":\"https:\/\/gimatec.com\/de\/#\/schema\/logo\/image\/\",\"url\":\"http:\/\/gimatec.com\/wp-content\/uploads\/2022\/06\/logo-W-01.png\",\"contentUrl\":\"http:\/\/gimatec.com\/wp-content\/uploads\/2022\/06\/logo-W-01.png\",\"width\":2251,\"height\":2251,\"caption\":\"Gimatec\"},\"image\":{\"@id\":\"https:\/\/gimatec.com\/de\/#\/schema\/logo\/image\/\"}}]}<\/script>\n<!-- \/ Yoast SEO plugin. -->","yoast_head_json":{"title":"Demn\u00e4chst - Gimatec","robots":{"index":"index","follow":"follow","max-snippet":"max-snippet:-1","max-image-preview":"max-image-preview:large","max-video-preview":"max-video-preview:-1"},"canonical":"https:\/\/gimatec.com\/de\/demnaechst\/","og_locale":"de_DE","og_type":"article","og_title":"Demn\u00e4chst - Gimatec","og_description":"Coming soonDie Seite befindet sich im Aufbau! Ben\u00f6tigen Sie Informationen dazu? Kontaktieren Sie uns und wir werden so schnell wie m\u00f6glich antworten. 0445 314128 commerciale@gimatec.com\u00d6ffnungszeit &nbsp; Montag - Freitagvon 08:00 bis 17:30 UhrSamstag und SonntagGesperrtSenden Sie uns Ihre Anfrage","og_url":"https:\/\/gimatec.com\/de\/demnaechst\/","og_site_name":"Gimatec","article_modified_time":"2022-07-01T13:36:26+00:00","twitter_card":"summary_large_image","twitter_misc":{"Gesch\u00e4tzte Lesezeit":"4\u00a0Minuten"},"schema":{"@context":"https:\/\/schema.org","@graph":[{"@type":"WebPage","@id":"https:\/\/gimatec.com\/de\/demnaechst\/","url":"https:\/\/gimatec.com\/de\/demnaechst\/","name":"Demn\u00e4chst - Gimatec","isPartOf":{"@id":"https:\/\/gimatec.com\/de\/#website"},"datePublished":"2022-05-25T06:55:03+00:00","dateModified":"2022-07-01T13:36:26+00:00","breadcrumb":{"@id":"https:\/\/gimatec.com\/de\/demnaechst\/#breadcrumb"},"inLanguage":"de","potentialAction":[{"@type":"ReadAction","target":["https:\/\/gimatec.com\/de\/demnaechst\/"]}]},{"@type":"BreadcrumbList","@id":"https:\/\/gimatec.com\/de\/demnaechst\/#breadcrumb","itemListElement":[{"@type":"ListItem","position":1,"name":"Home","item":"https:\/\/gimatec.com\/de\/"},{"@type":"ListItem","position":2,"name":"Demn\u00e4chst"}]},{"@type":"WebSite","@id":"https:\/\/gimatec.com\/de\/#website","url":"https:\/\/gimatec.com\/de\/","name":"Gimatec","description":"","publisher":{"@id":"https:\/\/gimatec.com\/de\/#organization"},"potentialAction":[{"@type":"SearchAction","target":{"@type":"EntryPoint","urlTemplate":"https:\/\/gimatec.com\/de\/?s={search_term_string}"},"query-input":{"@type":"PropertyValueSpecification","valueRequired":true,"valueName":"search_term_string"}}],"inLanguage":"de"},{"@type":"Organization","@id":"https:\/\/gimatec.com\/de\/#organization","name":"Gimatec","url":"https:\/\/gimatec.com\/de\/","logo":{"@type":"ImageObject","inLanguage":"de","@id":"https:\/\/gimatec.com\/de\/#\/schema\/logo\/image\/","url":"http:\/\/gimatec.com\/wp-content\/uploads\/2022\/06\/logo-W-01.png","contentUrl":"http:\/\/gimatec.com\/wp-content\/uploads\/2022\/06\/logo-W-01.png","width":2251,"height":2251,"caption":"Gimatec"},"image":{"@id":"https:\/\/gimatec.com\/de\/#\/schema\/logo\/image\/"}}]}},"_links":{"self":[{"href":"https:\/\/gimatec.com\/de\/wp-json\/wp\/v2\/pages\/1776","targetHints":{"allow":["GET"]}}],"collection":[{"href":"https:\/\/gimatec.com\/de\/wp-json\/wp\/v2\/pages"}],"about":[{"href":"https:\/\/gimatec.com\/de\/wp-json\/wp\/v2\/types\/page"}],"author":[{"embeddable":true,"href":"https:\/\/gimatec.com\/de\/wp-json\/wp\/v2\/users\/1"}],"replies":[{"embeddable":true,"href":"https:\/\/gimatec.com\/de\/wp-json\/wp\/v2\/comments?post=1776"}],"version-history":[{"count":1,"href":"https:\/\/gimatec.com\/de\/wp-json\/wp\/v2\/pages\/1776\/revisions"}],"predecessor-version":[{"id":1777,"href":"https:\/\/gimatec.com\/de\/wp-json\/wp\/v2\/pages\/1776\/revisions\/1777"}],"wp:attachment":[{"href":"https:\/\/gimatec.com\/de\/wp-json\/wp\/v2\/media?parent=1776"}],"curies":[{"name":"wp","href":"https:\/\/api.w.org\/{rel}","templated":true}]}}