{"id":1787,"date":"2022-05-03T14:56:33","date_gmt":"2022-05-03T12:56:33","guid":{"rendered":"http:\/\/gimatec.com\/produkte\/guidacatene-e-guidacinghie\/"},"modified":"2023-09-14T11:23:00","modified_gmt":"2023-09-14T09:23:00","slug":"kettenfuehrungen","status":"publish","type":"page","link":"https:\/\/gimatec.com\/de\/produkte\/kettenfuehrungen\/","title":{"rendered":"Kettenf\u00fchrungen"},"content":{"rendered":"<p>[et_pb_section fb_built=&#8220;1&#8243; admin_label=&#8220;Header&#8220; _builder_version=&#8220;4.16&#8243; _module_preset=&#8220;default&#8220; overflow-x=&#8220;hidden&#8220; overflow-y=&#8220;hidden&#8220; custom_padding=&#8220;||||false|false&#8220; locked=&#8220;off&#8220; global_colors_info=&#8220;{}&#8220;][et_pb_row _builder_version=&#8220;4.16&#8243; _module_preset=&#8220;default&#8220; custom_padding=&#8220;||0px|||&#8220; global_colors_info=&#8220;{}&#8220;][et_pb_column type=&#8220;4_4&#8243; _builder_version=&#8220;4.16&#8243; _module_preset=&#8220;default&#8220; global_colors_info=&#8220;{}&#8220;][et_pb_text _builder_version=&#8220;4.17.1&#8243; _module_preset=&#8220;default&#8220; header_font=&#8220;DM Sans|700||on|||||&#8220; header_font_size=&#8220;70px&#8220; header_line_height=&#8220;0.9em&#8220; custom_margin=&#8220;||10px||false|false&#8220; header_font_size_tablet=&#8220;60px&#8220; header_font_size_phone=&#8220;40px&#8220; header_font_size_last_edited=&#8220;on|phone&#8220; header_line_height_tablet=&#8220;1em&#8220; header_line_height_phone=&#8220;&#8220; header_line_height_last_edited=&#8220;on|desktop&#8220; locked=&#8220;off&#8220; global_colors_info=&#8220;{}&#8220;]<\/p>\n<h1>KETTENF\u00dcHRUNGEN<\/h1>\n<p>[\/et_pb_text][et_pb_text _builder_version=&#8220;4.17.1&#8243; _module_preset=&#8220;default&#8220; text_font_size=&#8220;16px&#8220; text_line_height=&#8220;1.8em&#8220; text_font_size_tablet=&#8220;&#8220; text_font_size_phone=&#8220;14px&#8220; text_font_size_last_edited=&#8220;on|phone&#8220; locked=&#8220;off&#8220; global_colors_info=&#8220;{}&#8220;]<\/p>\n<p>Die Ketten- und Riemenf\u00fchrungsprofile von Gimatec aus gr\u00fcnem PEHD 1000 sind dazu ausgelegt, jede Art von Kette anwendungsgerecht zu f\u00fchren. Neben dem Sortiment aus PEHD 1000 Gr\u00fcn, das wir als Standard auf Lager bereithalten, fertigen wir auf Wunsch ebenfalls Kettenf\u00fchrungsprofile aus allen Arten von PEHD, aber auch aus anderen Kunststoffen wie etwa POM, PET, PTFE, RANPREX nach Kundenvorgabe.<\/p>\n<p><em>Unsere Kettenf\u00fchrungsprofile wurden entwickelt und hergestellt, um jeden Kettentyp entsprechend seiner Anwendung angemessen zu f\u00fchren. Ihre Dimensionierung orientiert sich an ISO-Rollenketten Europ\u00e4ische Reihe (DIN 8187), Kettenbl\u00e4ttern (DIN 766 und 764) und Riemen (DIN 2215). Auf Anfrage k\u00f6nnen wir spezielle Profilf\u00fchrungen f\u00fcr Ketten oder nach Kundenwunsch herstellen.<\/em><\/p>\n<p>[\/et_pb_text][\/et_pb_column][\/et_pb_row][\/et_pb_section][et_pb_section fb_built=&#8220;1&#8243; disabled_on=&#8220;off|off|off&#8220; _builder_version=&#8220;4.17.1&#8243; background_color=&#8220;#f4f4f4&#8243; use_background_color_gradient=&#8220;on&#8220; background_color_gradient_stops=&#8220;#f4f4f4 0%|#ffffff 100%&#8220; background_color_gradient_start=&#8220;#f4f4f4&#8243; background_color_gradient_end=&#8220;#ffffff&#8220; custom_padding=&#8220;100px||100px||true|false&#8220; top_divider_height=&#8220;120px&#8220; top_divider_flip=&#8220;horizontal|vertical&#8220; bottom_divider_color=&#8220;#ffffff&#8220; bottom_divider_height=&#8220;80px&#8220; bottom_divider_flip=&#8220;horizontal|vertical&#8220; global_colors_info=&#8220;{}&#8220; locked=&#8220;off&#8220;][et_pb_row use_custom_gutter=&#8220;on&#8220; custom_padding_last_edited=&#8220;on|desktop&#8220; module_class=&#8220;tecnoplastici-sottocategorie&#8220; _builder_version=&#8220;4.16&#8243; max_width=&#8220;1373px&#8220; custom_margin_tablet=&#8220;&#8220; custom_margin_phone=&#8220;&#8220; custom_margin_last_edited=&#8220;on|tablet&#8220; custom_padding=&#8220;50px||50px||true|false&#8220; custom_padding_tablet=&#8220;&#8220; custom_padding_phone=&#8220;&#8220; animation_direction=&#8220;left&#8220; global_colors_info=&#8220;{}&#8220; header_text_color__hover=&#8220;#000000&#8243; header_text_color__hover_enabled=&#8220;on|hover&#8220;][et_pb_column type=&#8220;4_4&#8243; _builder_version=&#8220;4.16&#8243; global_colors_info=&#8220;{}&#8220;][et_pb_shop type=&#8220;product_category&#8220; posts_number=&#8220;-1&#8243; include_categories=&#8220;18&#8243; columns_number=&#8220;4&#8243; orderby=&#8220;date&#8220; icon_hover_color=&#8220;RGBA(255,255,255,0)&#8220; hover_overlay_color=&#8220;RGBA(255,255,255,0)&#8220; show_price=&#8220;off&#8220; show_rating=&#8220;off&#8220; show_sale_badge=&#8220;off&#8220; module_class=&#8220;prodotti-guidacatene&#8220; _builder_version=&#8220;4.17.1&#8243; _module_preset=&#8220;default&#8220; title_font=&#8220;|700||on|||||&#8220; title_text_align=&#8220;center&#8220; title_font_size=&#8220;16px&#8220; border_radii_image=&#8220;on|20px|20px|20px|20px&#8220; box_shadow_style_image=&#8220;preset3&#8243; box_shadow_color_image=&#8220;rgba(0,0,0,0.15)&#8220; global_colors_info=&#8220;{}&#8220;][\/et_pb_shop][\/et_pb_column][\/et_pb_row][\/et_pb_section][et_pb_section fb_built=&#8220;1&#8243; admin_label=&#8220;Call to Action&#8220; _builder_version=&#8220;4.17.1&#8243; _module_preset=&#8220;default&#8220; use_background_color_gradient=&#8220;on&#8220; background_color_gradient_direction=&#8220;90deg&#8220; background_color_gradient_stops=&#8220;rgba(0,0,0,0.25) 8%|rgba(0,0,0,0) 100%&#8220; background_color_gradient_overlays_image=&#8220;on&#8220; background_color_gradient_start=&#8220;#000000&#8243; background_color_gradient_start_position=&#8220;10%&#8220; background_color_gradient_end=&#8220;rgba(0,0,0,0)&#8220; background_image=&#8220;https:\/\/gimatec.com\/wp-content\/uploads\/2020\/07\/sede.jpg&#8220; custom_padding=&#8220;10vw||10vw||true|false&#8220; locked=&#8220;off&#8220; global_colors_info=&#8220;{}&#8220;][et_pb_row custom_padding_last_edited=&#8220;on|phone&#8220; module_id=&#8220;aiuto&#8220; _builder_version=&#8220;4.17.1&#8243; _module_preset=&#8220;default&#8220; background_color=&#8220;#af1c1f&#8220; custom_padding=&#8220;60px||50px|50px|false|false&#8220; custom_padding_tablet=&#8220;30px|30px|30px|30px|true|true&#8220; custom_padding_phone=&#8220;|20px||20px|true|true&#8220; box_shadow_style=&#8220;preset4&#8243; box_shadow_horizontal=&#8220;30vw&#8220; box_shadow_vertical=&#8220;0px&#8220; box_shadow_color=&#8220;#af1c1f&#8220; global_colors_info=&#8220;{}&#8220;][et_pb_column type=&#8220;4_4&#8243; _builder_version=&#8220;4.16&#8243; _module_preset=&#8220;default&#8220; global_colors_info=&#8220;{}&#8220;][et_pb_text _builder_version=&#8220;4.17.1&#8243; _module_preset=&#8220;default&#8220; header_2_font=&#8220;DM Sans|700||on|||||&#8220; header_2_font_size=&#8220;55px&#8220; background_layout=&#8220;dark&#8220; max_width=&#8220;620px&#8220; header_2_font_size_tablet=&#8220;42px&#8220; header_2_font_size_phone=&#8220;30px&#8220; header_2_font_size_last_edited=&#8220;on|phone&#8220; header_2_line_height_tablet=&#8220;1.2em&#8220; header_2_line_height_phone=&#8220;&#8220; header_2_line_height_last_edited=&#8220;on|tablet&#8220; global_colors_info=&#8220;{}&#8220;]<\/p>\n<h2>Gesuchtes nicht gefunden? <\/h2>\n<p>[\/et_pb_text][\/et_pb_column][\/et_pb_row][et_pb_row _builder_version=&#8220;4.16&#8243; _module_preset=&#8220;default&#8220; global_colors_info=&#8220;{}&#8220;][et_pb_column type=&#8220;4_4&#8243; _builder_version=&#8220;4.16&#8243; _module_preset=&#8220;default&#8220; global_colors_info=&#8220;{}&#8220;][et_pb_text _builder_version=&#8220;4.17.1&#8243; _module_preset=&#8220;default&#8220; text_font_size=&#8220;16px&#8220; text_line_height=&#8220;1.8em&#8220; background_layout=&#8220;dark&#8220; max_width=&#8220;620px&#8220; custom_margin=&#8220;||||false|false&#8220; custom_padding=&#8220;||||false|false&#8220; text_font_size_tablet=&#8220;&#8220; text_font_size_phone=&#8220;14px&#8220; text_font_size_last_edited=&#8220;on|phone&#8220; locked=&#8220;off&#8220; global_colors_info=&#8220;{}&#8220;]<\/p>\n<p>F\u00fcr anwendungsspezifische Erl\u00e4uterungen oder Hilfestellungen sind unsere Techniker gerne bereit, die seit Jahren gewohnt sind, Schritt f\u00fcr Schritt mit Unternehmen aus den unterschiedlichsten Branchen zusammenzuarbeiten. Ihre Problemstellungen und unser Bestreben, sie zu l\u00f6sen, haben uns im Laufe der Jahre geholfen, auf dem Gebiet des Kunststoffs, das sich in st\u00e4ndigem Wandel befindet, besser und besser zu werden.<\/p>\n<p>[\/et_pb_text][et_pb_button button_url=&#8220;@ET-DC@eyJkeW5hbWljIjp0cnVlLCJjb250ZW50IjoicG9zdF9saW5rX3VybF9wYWdlIiwic2V0dGluZ3MiOnsicG9zdF9pZCI6Ijc1OSJ9fQ==@&#8220; button_text=&#8220;Richiedi informazioni&#8220; _builder_version=&#8220;4.17.1&#8243; _dynamic_attributes=&#8220;button_url&#8220; _module_preset=&#8220;default&#8220; custom_button=&#8220;on&#8220; button_text_size=&#8220;14px&#8220; button_text_color=&#8220;#000000&#8243; button_bg_color=&#8220;#ffffff&#8220; button_border_width=&#8220;0px&#8220; button_border_radius=&#8220;0px&#8220; button_letter_spacing=&#8220;1px&#8220; button_font=&#8220;DM Sans|700||on|||||&#8220; button_icon=&#8220;&#x24;||divi||400&#8243; custom_margin=&#8220;||||false|false&#8220; custom_padding=&#8220;15px|40px|15px|40px|true|true&#8220; locked=&#8220;off&#8220; global_colors_info=&#8220;{}&#8220;][\/et_pb_button][\/et_pb_column][\/et_pb_row][\/et_pb_section]<\/p>\n","protected":false},"excerpt":{"rendered":"<p>KETTENF\u00dcHRUNGENDie Ketten- und Riemenf\u00fchrungsprofile von Gimatec aus gr\u00fcnem PEHD 1000 sind dazu ausgelegt, jede Art von Kette anwendungsgerecht zu f\u00fchren. Neben dem Sortiment aus PEHD 1000 Gr\u00fcn, das wir als Standard auf Lager bereithalten, fertigen wir auf Wunsch ebenfalls Kettenf\u00fchrungsprofile aus allen Arten von PEHD, aber auch aus anderen Kunststoffen wie etwa POM, PET, PTFE, [&hellip;]<\/p>\n","protected":false},"author":1,"featured_media":0,"parent":1785,"menu_order":0,"comment_status":"closed","ping_status":"closed","template":"","meta":{"_et_pb_use_builder":"on","_et_pb_old_content":"","_et_gb_content_width":"","footnotes":""},"class_list":["post-1787","page","type-page","status-publish","hentry"],"acf":[],"yoast_head":"<!-- This site is optimized with the Yoast SEO plugin v24.5 - https:\/\/yoast.com\/wordpress\/plugins\/seo\/ -->\n<title>Kettenf\u00fchrungsprofile - Gimatec<\/title>\n<meta name=\"description\" content=\"Unsere Kettenf\u00fchrungsprofile wurden entwickelt und hergestellt, um jede Kette entsprechend ihrer Anwendung angemessen zu f\u00fchren.\" \/>\n<meta name=\"robots\" content=\"index, follow, max-snippet:-1, max-image-preview:large, max-video-preview:-1\" \/>\n<link rel=\"canonical\" href=\"https:\/\/gimatec.com\/de\/produkte\/kettenfuehrungen\/\" \/>\n<meta property=\"og:locale\" content=\"de_DE\" \/>\n<meta property=\"og:type\" content=\"article\" \/>\n<meta property=\"og:title\" content=\"Kettenf\u00fchrungsprofile - Gimatec\" \/>\n<meta property=\"og:description\" content=\"Unsere Kettenf\u00fchrungsprofile wurden entwickelt und hergestellt, um jede Kette entsprechend ihrer Anwendung angemessen zu f\u00fchren.\" \/>\n<meta property=\"og:url\" content=\"https:\/\/gimatec.com\/de\/produkte\/kettenfuehrungen\/\" \/>\n<meta property=\"og:site_name\" content=\"Gimatec\" \/>\n<meta property=\"article:modified_time\" content=\"2023-09-14T09:23:00+00:00\" \/>\n<meta name=\"twitter:card\" content=\"summary_large_image\" \/>\n<meta name=\"twitter:label1\" content=\"Gesch\u00e4tzte Lesezeit\" \/>\n\t<meta name=\"twitter:data1\" content=\"4\u00a0Minuten\" \/>\n<script type=\"application\/ld+json\" class=\"yoast-schema-graph\">{\"@context\":\"https:\/\/schema.org\",\"@graph\":[{\"@type\":\"WebPage\",\"@id\":\"https:\/\/gimatec.com\/de\/produkte\/kettenfuehrungen\/\",\"url\":\"https:\/\/gimatec.com\/de\/produkte\/kettenfuehrungen\/\",\"name\":\"Kettenf\u00fchrungsprofile - Gimatec\",\"isPartOf\":{\"@id\":\"https:\/\/gimatec.com\/de\/#website\"},\"datePublished\":\"2022-05-03T12:56:33+00:00\",\"dateModified\":\"2023-09-14T09:23:00+00:00\",\"description\":\"Unsere Kettenf\u00fchrungsprofile wurden entwickelt und hergestellt, um jede Kette entsprechend ihrer Anwendung angemessen zu f\u00fchren.\",\"breadcrumb\":{\"@id\":\"https:\/\/gimatec.com\/de\/produkte\/kettenfuehrungen\/#breadcrumb\"},\"inLanguage\":\"de\",\"potentialAction\":[{\"@type\":\"ReadAction\",\"target\":[\"https:\/\/gimatec.com\/de\/produkte\/kettenfuehrungen\/\"]}]},{\"@type\":\"BreadcrumbList\",\"@id\":\"https:\/\/gimatec.com\/de\/produkte\/kettenfuehrungen\/#breadcrumb\",\"itemListElement\":[{\"@type\":\"ListItem\",\"position\":1,\"name\":\"Home\",\"item\":\"https:\/\/gimatec.com\/de\/\"},{\"@type\":\"ListItem\",\"position\":2,\"name\":\"Produkte\",\"item\":\"https:\/\/gimatec.com\/de\/produkte\/\"},{\"@type\":\"ListItem\",\"position\":3,\"name\":\"Kettenf\u00fchrungen\"}]},{\"@type\":\"WebSite\",\"@id\":\"https:\/\/gimatec.com\/de\/#website\",\"url\":\"https:\/\/gimatec.com\/de\/\",\"name\":\"Gimatec\",\"description\":\"\",\"publisher\":{\"@id\":\"https:\/\/gimatec.com\/de\/#organization\"},\"potentialAction\":[{\"@type\":\"SearchAction\",\"target\":{\"@type\":\"EntryPoint\",\"urlTemplate\":\"https:\/\/gimatec.com\/de\/?s={search_term_string}\"},\"query-input\":{\"@type\":\"PropertyValueSpecification\",\"valueRequired\":true,\"valueName\":\"search_term_string\"}}],\"inLanguage\":\"de\"},{\"@type\":\"Organization\",\"@id\":\"https:\/\/gimatec.com\/de\/#organization\",\"name\":\"Gimatec\",\"url\":\"https:\/\/gimatec.com\/de\/\",\"logo\":{\"@type\":\"ImageObject\",\"inLanguage\":\"de\",\"@id\":\"https:\/\/gimatec.com\/de\/#\/schema\/logo\/image\/\",\"url\":\"http:\/\/gimatec.com\/wp-content\/uploads\/2022\/06\/logo-W-01.png\",\"contentUrl\":\"http:\/\/gimatec.com\/wp-content\/uploads\/2022\/06\/logo-W-01.png\",\"width\":2251,\"height\":2251,\"caption\":\"Gimatec\"},\"image\":{\"@id\":\"https:\/\/gimatec.com\/de\/#\/schema\/logo\/image\/\"}}]}<\/script>\n<!-- \/ Yoast SEO plugin. -->","yoast_head_json":{"title":"Kettenf\u00fchrungsprofile - Gimatec","description":"Unsere Kettenf\u00fchrungsprofile wurden entwickelt und hergestellt, um jede Kette entsprechend ihrer Anwendung angemessen zu f\u00fchren.","robots":{"index":"index","follow":"follow","max-snippet":"max-snippet:-1","max-image-preview":"max-image-preview:large","max-video-preview":"max-video-preview:-1"},"canonical":"https:\/\/gimatec.com\/de\/produkte\/kettenfuehrungen\/","og_locale":"de_DE","og_type":"article","og_title":"Kettenf\u00fchrungsprofile - Gimatec","og_description":"Unsere Kettenf\u00fchrungsprofile wurden entwickelt und hergestellt, um jede Kette entsprechend ihrer Anwendung angemessen zu f\u00fchren.","og_url":"https:\/\/gimatec.com\/de\/produkte\/kettenfuehrungen\/","og_site_name":"Gimatec","article_modified_time":"2023-09-14T09:23:00+00:00","twitter_card":"summary_large_image","twitter_misc":{"Gesch\u00e4tzte Lesezeit":"4\u00a0Minuten"},"schema":{"@context":"https:\/\/schema.org","@graph":[{"@type":"WebPage","@id":"https:\/\/gimatec.com\/de\/produkte\/kettenfuehrungen\/","url":"https:\/\/gimatec.com\/de\/produkte\/kettenfuehrungen\/","name":"Kettenf\u00fchrungsprofile - Gimatec","isPartOf":{"@id":"https:\/\/gimatec.com\/de\/#website"},"datePublished":"2022-05-03T12:56:33+00:00","dateModified":"2023-09-14T09:23:00+00:00","description":"Unsere Kettenf\u00fchrungsprofile wurden entwickelt und hergestellt, um jede Kette entsprechend ihrer Anwendung angemessen zu f\u00fchren.","breadcrumb":{"@id":"https:\/\/gimatec.com\/de\/produkte\/kettenfuehrungen\/#breadcrumb"},"inLanguage":"de","potentialAction":[{"@type":"ReadAction","target":["https:\/\/gimatec.com\/de\/produkte\/kettenfuehrungen\/"]}]},{"@type":"BreadcrumbList","@id":"https:\/\/gimatec.com\/de\/produkte\/kettenfuehrungen\/#breadcrumb","itemListElement":[{"@type":"ListItem","position":1,"name":"Home","item":"https:\/\/gimatec.com\/de\/"},{"@type":"ListItem","position":2,"name":"Produkte","item":"https:\/\/gimatec.com\/de\/produkte\/"},{"@type":"ListItem","position":3,"name":"Kettenf\u00fchrungen"}]},{"@type":"WebSite","@id":"https:\/\/gimatec.com\/de\/#website","url":"https:\/\/gimatec.com\/de\/","name":"Gimatec","description":"","publisher":{"@id":"https:\/\/gimatec.com\/de\/#organization"},"potentialAction":[{"@type":"SearchAction","target":{"@type":"EntryPoint","urlTemplate":"https:\/\/gimatec.com\/de\/?s={search_term_string}"},"query-input":{"@type":"PropertyValueSpecification","valueRequired":true,"valueName":"search_term_string"}}],"inLanguage":"de"},{"@type":"Organization","@id":"https:\/\/gimatec.com\/de\/#organization","name":"Gimatec","url":"https:\/\/gimatec.com\/de\/","logo":{"@type":"ImageObject","inLanguage":"de","@id":"https:\/\/gimatec.com\/de\/#\/schema\/logo\/image\/","url":"http:\/\/gimatec.com\/wp-content\/uploads\/2022\/06\/logo-W-01.png","contentUrl":"http:\/\/gimatec.com\/wp-content\/uploads\/2022\/06\/logo-W-01.png","width":2251,"height":2251,"caption":"Gimatec"},"image":{"@id":"https:\/\/gimatec.com\/de\/#\/schema\/logo\/image\/"}}]}},"_links":{"self":[{"href":"https:\/\/gimatec.com\/de\/wp-json\/wp\/v2\/pages\/1787","targetHints":{"allow":["GET"]}}],"collection":[{"href":"https:\/\/gimatec.com\/de\/wp-json\/wp\/v2\/pages"}],"about":[{"href":"https:\/\/gimatec.com\/de\/wp-json\/wp\/v2\/types\/page"}],"author":[{"embeddable":true,"href":"https:\/\/gimatec.com\/de\/wp-json\/wp\/v2\/users\/1"}],"replies":[{"embeddable":true,"href":"https:\/\/gimatec.com\/de\/wp-json\/wp\/v2\/comments?post=1787"}],"version-history":[{"count":3,"href":"https:\/\/gimatec.com\/de\/wp-json\/wp\/v2\/pages\/1787\/revisions"}],"predecessor-version":[{"id":2828,"href":"https:\/\/gimatec.com\/de\/wp-json\/wp\/v2\/pages\/1787\/revisions\/2828"}],"up":[{"embeddable":true,"href":"https:\/\/gimatec.com\/de\/wp-json\/wp\/v2\/pages\/1785"}],"wp:attachment":[{"href":"https:\/\/gimatec.com\/de\/wp-json\/wp\/v2\/media?parent=1787"}],"curies":[{"name":"wp","href":"https:\/\/api.w.org\/{rel}","templated":true}]}}