{"id":1789,"date":"2022-05-02T16:31:08","date_gmt":"2022-05-02T14:31:08","guid":{"rendered":"http:\/\/gimatec.com\/produkte\/tecnoplastici\/"},"modified":"2022-09-06T17:36:54","modified_gmt":"2022-09-06T15:36:54","slug":"technische-kunststoffe","status":"publish","type":"page","link":"https:\/\/gimatec.com\/de\/produkte\/technische-kunststoffe\/","title":{"rendered":"Technische kunststoffe"},"content":{"rendered":"<p>[et_pb_section fb_built=&#8220;1&#8243; admin_label=&#8220;Header&#8220; _builder_version=&#8220;4.16&#8243; _module_preset=&#8220;default&#8220; overflow-x=&#8220;hidden&#8220; overflow-y=&#8220;hidden&#8220; custom_padding=&#8220;||||false|false&#8220; locked=&#8220;off&#8220; global_colors_info=&#8220;{}&#8220;][et_pb_row _builder_version=&#8220;4.16&#8243; _module_preset=&#8220;default&#8220; custom_padding=&#8220;||0px|||&#8220; global_colors_info=&#8220;{}&#8220;][et_pb_column type=&#8220;4_4&#8243; _builder_version=&#8220;4.16&#8243; _module_preset=&#8220;default&#8220; global_colors_info=&#8220;{}&#8220;][et_pb_text _builder_version=&#8220;4.17.1&#8243; _module_preset=&#8220;default&#8220; header_font=&#8220;DM Sans|700||on|||||&#8220; header_font_size=&#8220;70px&#8220; header_line_height=&#8220;0.9em&#8220; custom_margin=&#8220;||10px||false|false&#8220; header_font_size_tablet=&#8220;60px&#8220; header_font_size_phone=&#8220;40px&#8220; header_font_size_last_edited=&#8220;on|phone&#8220; header_line_height_tablet=&#8220;1em&#8220; header_line_height_phone=&#8220;&#8220; header_line_height_last_edited=&#8220;on|desktop&#8220; locked=&#8220;off&#8220; global_colors_info=&#8220;{}&#8220;]<\/p>\n<h1>Technische kunststoffe<\/h1>\n<p>[\/et_pb_text][et_pb_text _builder_version=&#8220;4.17.1&#8243; _module_preset=&#8220;default&#8220; text_font_size=&#8220;16px&#8220; text_line_height=&#8220;1.8em&#8220; text_font_size_tablet=&#8220;&#8220; text_font_size_phone=&#8220;14px&#8220; text_font_size_last_edited=&#8220;on|phone&#8220; locked=&#8220;off&#8220; global_colors_info=&#8220;{}&#8220;]<\/p>\n<p>Diese kurze Abhandlung \u00fcber die Kunststoffe ist als schnelle Einf\u00fchrung f\u00fcr all jene gedacht, die leicht erh\u00e4ltliche Informationen suchen. Es sei angemerkt, dass nach der Ermittlung des Materials, das Ihren anwendungsspezifischen Anforderungen am n\u00e4chsten kommt, die technischen Datenbl\u00e4tter zu studieren sind, die wir Ihnen auf Anfrage nat\u00fcrlich schnellstm\u00f6glich zukommen lassen. <\/p>\n<p>[\/et_pb_text][\/et_pb_column][\/et_pb_row][\/et_pb_section][et_pb_section fb_built=&#8220;1&#8243; _builder_version=&#8220;4.17.1&#8243; background_color=&#8220;#f4f4f4&#8243; use_background_color_gradient=&#8220;on&#8220; background_color_gradient_stops=&#8220;#f4f4f4 0%|#ffffff 100%&#8220; background_color_gradient_start=&#8220;#f4f4f4&#8243; background_color_gradient_end=&#8220;#ffffff&#8220; custom_padding=&#8220;||100px||false|false&#8220; top_divider_height=&#8220;120px&#8220; top_divider_flip=&#8220;horizontal|vertical&#8220; bottom_divider_color=&#8220;#ffffff&#8220; bottom_divider_height=&#8220;80px&#8220; bottom_divider_flip=&#8220;horizontal|vertical&#8220; animation_style=&#8220;fade&#8220; global_colors_info=&#8220;{}&#8220;][et_pb_row column_structure=&#8220;1_3,1_3,1_3&#8243; use_custom_gutter=&#8220;on&#8220; custom_padding_last_edited=&#8220;on|desktop&#8220; module_class=&#8220;tecnoplastici-sottocategorie&#8220; _builder_version=&#8220;4.16&#8243; max_width=&#8220;1373px&#8220; custom_margin_tablet=&#8220;&#8220; custom_margin_phone=&#8220;&#8220; custom_margin_last_edited=&#8220;on|tablet&#8220; custom_padding=&#8220;50px||50px||true|false&#8220; custom_padding_tablet=&#8220;&#8220; custom_padding_phone=&#8220;&#8220; animation_direction=&#8220;left&#8220; global_colors_info=&#8220;{}&#8220; header_text_color__hover=&#8220;#000000&#8243; header_text_color__hover_enabled=&#8220;on|hover&#8220;][et_pb_column type=&#8220;1_3&#8243; _builder_version=&#8220;4.16&#8243; global_colors_info=&#8220;{}&#8220;][et_pb_blurb title=&#8220;Standardkunststoffe&#8220; image=&#8220;http:\/\/gimatec.com\/wp-content\/uploads\/2022\/05\/materiali-standar1-01.png&#8220; _builder_version=&#8220;4.17.1&#8243; header_font=&#8220;Alata||||||||&#8220; header_font_size=&#8220;25px&#8220; body_font=&#8220;Open Sans||||||||&#8220; body_text_color=&#8220;RGBA(255,255,255,0)&#8220; body_font_size=&#8220;13px&#8220; animation_style=&#8220;slide&#8220; animation_direction=&#8220;left&#8220; animation_intensity_slide=&#8220;7%&#8220; hover_transition_duration=&#8220;500ms&#8220; link_option_url=&#8220;\/categoria-prodotto\/tecnoplastici\/materiali-tecnoplastici-standard\/&#8220; border_radii_image=&#8220;on|15px|15px|15px|15px&#8220; border_color_all_image=&#8220;rgba(0,0,0,0)&#8220; border_style_all_image=&#8220;inset&#8220; box_shadow_style_image=&#8220;preset3&#8243; box_shadow_horizontal_image=&#8220;12px&#8220; box_shadow_blur_image=&#8220;5px&#8220; box_shadow_color_image=&#8220;rgba(0,0,0,0.14)&#8220; box_shadow_blur_image_last_edited=&#8220;off|desktop&#8220; global_colors_info=&#8220;{}&#8220; border_color_all_image__hover_enabled=&#8220;on|desktop&#8220; border_color_all_image__hover=&#8220;#40a6b4&#8243; box_shadow_blur_image__hover_enabled=&#8220;on|desktop&#8220; box_shadow_color_image__hover_enabled=&#8220;on|desktop&#8220; box_shadow_color_image__hover=&#8220;rgba(64,166,180,0.5)&#8220; box_shadow_blur_image__hover=&#8220;18px&#8220;]<\/p>\n<p>Technische kunststoffe<\/p>\n<p>[\/et_pb_blurb][\/et_pb_column][et_pb_column type=&#8220;1_3&#8243; _builder_version=&#8220;4.16&#8243; global_colors_info=&#8220;{}&#8220;][et_pb_blurb title=&#8220;Hoch pr\u00e4zise kunststoffe&#8220; image=&#8220;http:\/\/gimatec.com\/wp-content\/uploads\/2022\/05\/elevate-prestazioni.png&#8220; _builder_version=&#8220;4.17.1&#8243; header_font=&#8220;Alata||||||||&#8220; header_font_size=&#8220;25px&#8220; body_font=&#8220;Open Sans||||||||&#8220; body_text_color=&#8220;RGBA(255,255,255,0)&#8220; body_font_size=&#8220;13px&#8220; animation_style=&#8220;slide&#8220; animation_direction=&#8220;left&#8220; animation_intensity_slide=&#8220;7%&#8220; hover_transition_duration=&#8220;500ms&#8220; link_option_url=&#8220;\/categoria-prodotto\/tecnoplastici\/materiali-tecnoplastici-ad-elevate-prestazioni\/&#8220; border_radii_image=&#8220;on|15px|15px|15px|15px&#8220; border_color_all_image=&#8220;rgba(0,0,0,0)&#8220; border_style_all_image=&#8220;inset&#8220; box_shadow_style_image=&#8220;preset3&#8243; box_shadow_horizontal_image=&#8220;12px&#8220; box_shadow_blur_image=&#8220;5px&#8220; box_shadow_color_image=&#8220;rgba(0,0,0,0.14)&#8220; box_shadow_blur_image_last_edited=&#8220;off|desktop&#8220; global_colors_info=&#8220;{}&#8220; border_color_all_image__hover_enabled=&#8220;on|desktop&#8220; border_color_all_image__hover=&#8220;#40a6b4&#8243; box_shadow_blur_image__hover_enabled=&#8220;on|desktop&#8220; box_shadow_color_image__hover_enabled=&#8220;on|desktop&#8220; box_shadow_color_image__hover=&#8220;rgba(64,166,180,0.5)&#8220; box_shadow_blur_image__hover=&#8220;18px&#8220;]<\/p>\n<p>Technische kunststoffe<\/p>\n<p>[\/et_pb_blurb][\/et_pb_column][et_pb_column type=&#8220;1_3&#8243; _builder_version=&#8220;4.16&#8243; global_colors_info=&#8220;{}&#8220;][et_pb_blurb title=&#8220;Schichtstoffe&#8220; image=&#8220;http:\/\/gimatec.com\/wp-content\/uploads\/2022\/05\/stratificati.png&#8220; _builder_version=&#8220;4.16&#8243; header_font=&#8220;Alata||||||||&#8220; header_font_size=&#8220;25px&#8220; body_font=&#8220;Open Sans||||||||&#8220; body_text_color=&#8220;RGBA(255,255,255,0)&#8220; body_font_size=&#8220;13px&#8220; animation_style=&#8220;slide&#8220; animation_direction=&#8220;left&#8220; animation_intensity_slide=&#8220;7%&#8220; hover_transition_duration=&#8220;500ms&#8220; link_option_url=&#8220;\/categoria-prodotto\/tecnoplastici\/materiali-tecnoplastici-stratificati\/&#8220; border_radii_image=&#8220;on|15px|15px|15px|15px&#8220; border_color_all_image=&#8220;rgba(0,0,0,0)&#8220; border_style_all_image=&#8220;inset&#8220; box_shadow_style_image=&#8220;preset3&#8243; box_shadow_horizontal_image=&#8220;12px&#8220; box_shadow_blur_image=&#8220;5px&#8220; box_shadow_color_image=&#8220;rgba(0,0,0,0.14)&#8220; box_shadow_blur_image_last_edited=&#8220;off|desktop&#8220; global_colors_info=&#8220;{}&#8220; border_color_all_image__hover_enabled=&#8220;on|desktop&#8220; border_color_all_image__hover=&#8220;#40a6b4&#8243; box_shadow_blur_image__hover_enabled=&#8220;on|desktop&#8220; box_shadow_color_image__hover_enabled=&#8220;on|desktop&#8220; box_shadow_color_image__hover=&#8220;rgba(64,166,180,0.5)&#8220; box_shadow_blur_image__hover=&#8220;18px&#8220;]<\/p>\n<p>Technische kunststoffe<\/p>\n<p>[\/et_pb_blurb][\/et_pb_column][\/et_pb_row][\/et_pb_section][et_pb_section fb_built=&#8220;1&#8243; admin_label=&#8220;Call to Action&#8220; _builder_version=&#8220;4.17.1&#8243; _module_preset=&#8220;default&#8220; use_background_color_gradient=&#8220;on&#8220; background_color_gradient_direction=&#8220;90deg&#8220; background_color_gradient_stops=&#8220;rgba(0,0,0,0.25) 10%|rgba(0,0,0,0) 100%&#8220; background_color_gradient_overlays_image=&#8220;on&#8220; background_color_gradient_start=&#8220;#000000&#8243; background_color_gradient_start_position=&#8220;10%&#8220; background_color_gradient_end=&#8220;rgba(0,0,0,0)&#8220; background_image=&#8220;http:\/\/gimatec.com\/wp-content\/uploads\/2020\/07\/sede.jpg&#8220; custom_padding=&#8220;10vw||10vw||true|false&#8220; locked=&#8220;off&#8220; global_colors_info=&#8220;{}&#8220;][et_pb_row custom_padding_last_edited=&#8220;on|phone&#8220; module_id=&#8220;aiuto&#8220; _builder_version=&#8220;4.17.1&#8243; _module_preset=&#8220;default&#8220; background_color=&#8220;#af1c1f&#8220; custom_padding=&#8220;60px||50px|50px|false|false&#8220; custom_padding_tablet=&#8220;30px|30px|30px|30px|true|true&#8220; custom_padding_phone=&#8220;|20px||20px|true|true&#8220; box_shadow_style=&#8220;preset4&#8243; box_shadow_horizontal=&#8220;30vw&#8220; box_shadow_vertical=&#8220;0px&#8220; box_shadow_color=&#8220;#af1c1f&#8220; global_colors_info=&#8220;{}&#8220;][et_pb_column type=&#8220;4_4&#8243; _builder_version=&#8220;4.16&#8243; _module_preset=&#8220;default&#8220; global_colors_info=&#8220;{}&#8220;][et_pb_text _builder_version=&#8220;4.17.1&#8243; _module_preset=&#8220;default&#8220; header_2_font=&#8220;DM Sans|700||on|||||&#8220; header_2_font_size=&#8220;55px&#8220; background_layout=&#8220;dark&#8220; max_width=&#8220;620px&#8220; header_2_font_size_tablet=&#8220;42px&#8220; header_2_font_size_phone=&#8220;30px&#8220; header_2_font_size_last_edited=&#8220;on|phone&#8220; header_2_line_height_tablet=&#8220;1.2em&#8220; header_2_line_height_phone=&#8220;&#8220; header_2_line_height_last_edited=&#8220;on|tablet&#8220; global_colors_info=&#8220;{}&#8220;]<\/p>\n<h2>Gesuchtes nicht gefunden? <\/h2>\n<p>[\/et_pb_text][\/et_pb_column][\/et_pb_row][et_pb_row _builder_version=&#8220;4.16&#8243; _module_preset=&#8220;default&#8220; global_colors_info=&#8220;{}&#8220;][et_pb_column type=&#8220;4_4&#8243; _builder_version=&#8220;4.16&#8243; _module_preset=&#8220;default&#8220; global_colors_info=&#8220;{}&#8220;][et_pb_text _builder_version=&#8220;4.17.1&#8243; _module_preset=&#8220;default&#8220; text_font_size=&#8220;16px&#8220; text_line_height=&#8220;1.8em&#8220; background_layout=&#8220;dark&#8220; max_width=&#8220;620px&#8220; custom_margin=&#8220;||||false|false&#8220; custom_padding=&#8220;||||false|false&#8220; text_font_size_tablet=&#8220;&#8220; text_font_size_phone=&#8220;14px&#8220; text_font_size_last_edited=&#8220;on|phone&#8220; locked=&#8220;off&#8220; global_colors_info=&#8220;{}&#8220;]<\/p>\n<p>F\u00fcr anwendungsspezifische Erl\u00e4uterungen oder Hilfestellungen sind unsere Techniker gerne bereit, die seit Jahren gewohnt sind, Schritt f\u00fcr Schritt mit Unternehmen aus den unterschiedlichsten Branchen zusammenzuarbeiten. Ihre Problemstellungen und unser Bestreben, sie zu l\u00f6sen, haben uns im Laufe der Jahre geholfen, auf dem Gebiet des Kunststoffs, das sich in st\u00e4ndigem Wandel befindet, besser und besser zu werden.<\/p>\n<p>[\/et_pb_text][et_pb_button button_url=&#8220;@ET-DC@eyJkeW5hbWljIjp0cnVlLCJjb250ZW50IjoicG9zdF9saW5rX3VybF9wYWdlIiwic2V0dGluZ3MiOnsicG9zdF9pZCI6Ijc1OSJ9fQ==@&#8220; button_text=&#8220;Richiedi informazioni&#8220; _builder_version=&#8220;4.17.1&#8243; _dynamic_attributes=&#8220;button_url&#8220; _module_preset=&#8220;default&#8220; custom_button=&#8220;on&#8220; button_text_size=&#8220;14px&#8220; button_text_color=&#8220;#000000&#8243; button_bg_color=&#8220;#ffffff&#8220; button_border_width=&#8220;0px&#8220; button_border_radius=&#8220;0px&#8220; button_letter_spacing=&#8220;1px&#8220; button_font=&#8220;DM Sans|700||on|||||&#8220; button_icon=&#8220;&#x24;||divi||400&#8243; custom_margin=&#8220;||||false|false&#8220; custom_padding=&#8220;15px|40px|15px|40px|true|true&#8220; locked=&#8220;off&#8220; global_colors_info=&#8220;{}&#8220;][\/et_pb_button][\/et_pb_column][\/et_pb_row][\/et_pb_section]<\/p>\n","protected":false},"excerpt":{"rendered":"<p>Technische kunststoffeDiese kurze Abhandlung \u00fcber die Kunststoffe ist als schnelle Einf\u00fchrung f\u00fcr all jene gedacht, die leicht erh\u00e4ltliche Informationen suchen. Es sei angemerkt, dass nach der Ermittlung des Materials, das Ihren anwendungsspezifischen Anforderungen am n\u00e4chsten kommt, die technischen Datenbl\u00e4tter zu studieren sind, die wir Ihnen auf Anfrage nat\u00fcrlich schnellstm\u00f6glich zukommen lassen. Technische kunststoffeTechnische kunststoffeTechnische kunststoffeGesuchtes [&hellip;]<\/p>\n","protected":false},"author":1,"featured_media":0,"parent":1785,"menu_order":0,"comment_status":"closed","ping_status":"closed","template":"","meta":{"_et_pb_use_builder":"on","_et_pb_old_content":"","_et_gb_content_width":"","footnotes":""},"class_list":["post-1789","page","type-page","status-publish","hentry"],"acf":[],"yoast_head":"<!-- This site is optimized with the Yoast SEO plugin v24.5 - https:\/\/yoast.com\/wordpress\/plugins\/seo\/ -->\n<title>Technoplastischen Materialien - Gimatec<\/title>\n<meta name=\"description\" content=\"Gimatec produziert verschiedene Arten von technoplastischen Materialien f\u00fcr Unternehmen in verschiedenen Anwendungsbereichen.\" \/>\n<meta name=\"robots\" content=\"index, follow, max-snippet:-1, max-image-preview:large, max-video-preview:-1\" \/>\n<link rel=\"canonical\" href=\"https:\/\/gimatec.com\/de\/produkte\/technische-kunststoffe\/\" \/>\n<meta property=\"og:locale\" content=\"de_DE\" \/>\n<meta property=\"og:type\" content=\"article\" \/>\n<meta property=\"og:title\" content=\"Technoplastischen Materialien - Gimatec\" \/>\n<meta property=\"og:description\" content=\"Gimatec produziert verschiedene Arten von technoplastischen Materialien f\u00fcr Unternehmen in verschiedenen Anwendungsbereichen.\" \/>\n<meta property=\"og:url\" content=\"https:\/\/gimatec.com\/de\/produkte\/technische-kunststoffe\/\" \/>\n<meta property=\"og:site_name\" content=\"Gimatec\" \/>\n<meta property=\"article:modified_time\" content=\"2022-09-06T15:36:54+00:00\" \/>\n<meta name=\"twitter:card\" content=\"summary_large_image\" \/>\n<meta name=\"twitter:label1\" content=\"Gesch\u00e4tzte Lesezeit\" \/>\n\t<meta name=\"twitter:data1\" content=\"3\u00a0Minuten\" \/>\n<script type=\"application\/ld+json\" class=\"yoast-schema-graph\">{\"@context\":\"https:\/\/schema.org\",\"@graph\":[{\"@type\":\"WebPage\",\"@id\":\"https:\/\/gimatec.com\/de\/produkte\/technische-kunststoffe\/\",\"url\":\"https:\/\/gimatec.com\/de\/produkte\/technische-kunststoffe\/\",\"name\":\"Technoplastischen Materialien - Gimatec\",\"isPartOf\":{\"@id\":\"https:\/\/gimatec.com\/de\/#website\"},\"datePublished\":\"2022-05-02T14:31:08+00:00\",\"dateModified\":\"2022-09-06T15:36:54+00:00\",\"description\":\"Gimatec produziert verschiedene Arten von technoplastischen Materialien f\u00fcr Unternehmen in verschiedenen Anwendungsbereichen.\",\"breadcrumb\":{\"@id\":\"https:\/\/gimatec.com\/de\/produkte\/technische-kunststoffe\/#breadcrumb\"},\"inLanguage\":\"de\",\"potentialAction\":[{\"@type\":\"ReadAction\",\"target\":[\"https:\/\/gimatec.com\/de\/produkte\/technische-kunststoffe\/\"]}]},{\"@type\":\"BreadcrumbList\",\"@id\":\"https:\/\/gimatec.com\/de\/produkte\/technische-kunststoffe\/#breadcrumb\",\"itemListElement\":[{\"@type\":\"ListItem\",\"position\":1,\"name\":\"Home\",\"item\":\"https:\/\/gimatec.com\/de\/\"},{\"@type\":\"ListItem\",\"position\":2,\"name\":\"Produkte\",\"item\":\"https:\/\/gimatec.com\/de\/produkte\/\"},{\"@type\":\"ListItem\",\"position\":3,\"name\":\"Technische kunststoffe\"}]},{\"@type\":\"WebSite\",\"@id\":\"https:\/\/gimatec.com\/de\/#website\",\"url\":\"https:\/\/gimatec.com\/de\/\",\"name\":\"Gimatec\",\"description\":\"\",\"publisher\":{\"@id\":\"https:\/\/gimatec.com\/de\/#organization\"},\"potentialAction\":[{\"@type\":\"SearchAction\",\"target\":{\"@type\":\"EntryPoint\",\"urlTemplate\":\"https:\/\/gimatec.com\/de\/?s={search_term_string}\"},\"query-input\":{\"@type\":\"PropertyValueSpecification\",\"valueRequired\":true,\"valueName\":\"search_term_string\"}}],\"inLanguage\":\"de\"},{\"@type\":\"Organization\",\"@id\":\"https:\/\/gimatec.com\/de\/#organization\",\"name\":\"Gimatec\",\"url\":\"https:\/\/gimatec.com\/de\/\",\"logo\":{\"@type\":\"ImageObject\",\"inLanguage\":\"de\",\"@id\":\"https:\/\/gimatec.com\/de\/#\/schema\/logo\/image\/\",\"url\":\"http:\/\/gimatec.com\/wp-content\/uploads\/2022\/06\/logo-W-01.png\",\"contentUrl\":\"http:\/\/gimatec.com\/wp-content\/uploads\/2022\/06\/logo-W-01.png\",\"width\":2251,\"height\":2251,\"caption\":\"Gimatec\"},\"image\":{\"@id\":\"https:\/\/gimatec.com\/de\/#\/schema\/logo\/image\/\"}}]}<\/script>\n<!-- \/ Yoast SEO plugin. -->","yoast_head_json":{"title":"Technoplastischen Materialien - Gimatec","description":"Gimatec produziert verschiedene Arten von technoplastischen Materialien f\u00fcr Unternehmen in verschiedenen Anwendungsbereichen.","robots":{"index":"index","follow":"follow","max-snippet":"max-snippet:-1","max-image-preview":"max-image-preview:large","max-video-preview":"max-video-preview:-1"},"canonical":"https:\/\/gimatec.com\/de\/produkte\/technische-kunststoffe\/","og_locale":"de_DE","og_type":"article","og_title":"Technoplastischen Materialien - Gimatec","og_description":"Gimatec produziert verschiedene Arten von technoplastischen Materialien f\u00fcr Unternehmen in verschiedenen Anwendungsbereichen.","og_url":"https:\/\/gimatec.com\/de\/produkte\/technische-kunststoffe\/","og_site_name":"Gimatec","article_modified_time":"2022-09-06T15:36:54+00:00","twitter_card":"summary_large_image","twitter_misc":{"Gesch\u00e4tzte Lesezeit":"3\u00a0Minuten"},"schema":{"@context":"https:\/\/schema.org","@graph":[{"@type":"WebPage","@id":"https:\/\/gimatec.com\/de\/produkte\/technische-kunststoffe\/","url":"https:\/\/gimatec.com\/de\/produkte\/technische-kunststoffe\/","name":"Technoplastischen Materialien - Gimatec","isPartOf":{"@id":"https:\/\/gimatec.com\/de\/#website"},"datePublished":"2022-05-02T14:31:08+00:00","dateModified":"2022-09-06T15:36:54+00:00","description":"Gimatec produziert verschiedene Arten von technoplastischen Materialien f\u00fcr Unternehmen in verschiedenen Anwendungsbereichen.","breadcrumb":{"@id":"https:\/\/gimatec.com\/de\/produkte\/technische-kunststoffe\/#breadcrumb"},"inLanguage":"de","potentialAction":[{"@type":"ReadAction","target":["https:\/\/gimatec.com\/de\/produkte\/technische-kunststoffe\/"]}]},{"@type":"BreadcrumbList","@id":"https:\/\/gimatec.com\/de\/produkte\/technische-kunststoffe\/#breadcrumb","itemListElement":[{"@type":"ListItem","position":1,"name":"Home","item":"https:\/\/gimatec.com\/de\/"},{"@type":"ListItem","position":2,"name":"Produkte","item":"https:\/\/gimatec.com\/de\/produkte\/"},{"@type":"ListItem","position":3,"name":"Technische kunststoffe"}]},{"@type":"WebSite","@id":"https:\/\/gimatec.com\/de\/#website","url":"https:\/\/gimatec.com\/de\/","name":"Gimatec","description":"","publisher":{"@id":"https:\/\/gimatec.com\/de\/#organization"},"potentialAction":[{"@type":"SearchAction","target":{"@type":"EntryPoint","urlTemplate":"https:\/\/gimatec.com\/de\/?s={search_term_string}"},"query-input":{"@type":"PropertyValueSpecification","valueRequired":true,"valueName":"search_term_string"}}],"inLanguage":"de"},{"@type":"Organization","@id":"https:\/\/gimatec.com\/de\/#organization","name":"Gimatec","url":"https:\/\/gimatec.com\/de\/","logo":{"@type":"ImageObject","inLanguage":"de","@id":"https:\/\/gimatec.com\/de\/#\/schema\/logo\/image\/","url":"http:\/\/gimatec.com\/wp-content\/uploads\/2022\/06\/logo-W-01.png","contentUrl":"http:\/\/gimatec.com\/wp-content\/uploads\/2022\/06\/logo-W-01.png","width":2251,"height":2251,"caption":"Gimatec"},"image":{"@id":"https:\/\/gimatec.com\/de\/#\/schema\/logo\/image\/"}}]}},"_links":{"self":[{"href":"https:\/\/gimatec.com\/de\/wp-json\/wp\/v2\/pages\/1789","targetHints":{"allow":["GET"]}}],"collection":[{"href":"https:\/\/gimatec.com\/de\/wp-json\/wp\/v2\/pages"}],"about":[{"href":"https:\/\/gimatec.com\/de\/wp-json\/wp\/v2\/types\/page"}],"author":[{"embeddable":true,"href":"https:\/\/gimatec.com\/de\/wp-json\/wp\/v2\/users\/1"}],"replies":[{"embeddable":true,"href":"https:\/\/gimatec.com\/de\/wp-json\/wp\/v2\/comments?post=1789"}],"version-history":[{"count":2,"href":"https:\/\/gimatec.com\/de\/wp-json\/wp\/v2\/pages\/1789\/revisions"}],"predecessor-version":[{"id":1928,"href":"https:\/\/gimatec.com\/de\/wp-json\/wp\/v2\/pages\/1789\/revisions\/1928"}],"up":[{"embeddable":true,"href":"https:\/\/gimatec.com\/de\/wp-json\/wp\/v2\/pages\/1785"}],"wp:attachment":[{"href":"https:\/\/gimatec.com\/de\/wp-json\/wp\/v2\/media?parent=1789"}],"curies":[{"name":"wp","href":"https:\/\/api.w.org\/{rel}","templated":true}]}}