{"id":926,"date":"2022-05-10T16:27:17","date_gmt":"2022-05-10T14:27:17","guid":{"rendered":"http:\/\/gimatec.com\/?post_type=product&#038;p=926"},"modified":"2022-05-10T16:28:49","modified_gmt":"2022-05-10T14:28:49","slug":"profili-per-cinghie-trapezoidali","status":"publish","type":"product","link":"https:\/\/gimatec.com\/de\/prodotto\/profili-per-cinghie-trapezoidali\/","title":{"rendered":"Profili per cinghie trapezoidali"},"content":{"rendered":"<p>Dovendo costruire delle guide in materiale tecnoplastico per cinghie a sezione trapezoidale, \u00e8 bene tenere presente:<br \/>\na) &#8211; se la cinghia ha funzione di trasporto di un qualsiasi oggetto deve fuoriuscire dalla superficie superiore della guida. Le dimensioni indicate nella tabella con<br \/>\nla sigla \u201ca\u201d sono calcolate per permettere alla cinghia una sporgenza di 3mm. Qualora fosse necessaria una sporgenza diversa, il cliente deve indicare la quota \u201ca1\u201d desiderata.<br \/>\nb) &#8211; se la cinghia \u00e8 attaccata ad un tappeto e ne funge da guida essa \u00e8 annegata completamente nel materiale, onde permettere al nastro di appoggiare su di un fondo gola pi\u00f9 largo.<\/p>\n","protected":false},"excerpt":{"rendered":"<p>Dovendo costruire delle guide in materiale tecnoplastico per cinghie a sezione trapezoidale, \u00e8 bene tenere presente: a) &#8211; se la cinghia ha funzione di trasporto di un qualsiasi oggetto deve fuoriuscire dalla superficie superiore della guida. Le dimensioni indicate nella tabella con la sigla \u201ca\u201d sono calcolate per permettere alla cinghia una sporgenza di 3mm. [&hellip;]<\/p>\n","protected":false},"featured_media":927,"template":"","meta":{"_et_pb_use_builder":"","_et_pb_old_content":"","_et_gb_content_width":""},"product_brand":[],"product_cat":[18,23],"product_tag":[],"class_list":{"0":"post-926","1":"product","2":"type-product","3":"status-publish","4":"has-post-thumbnail","6":"product_cat-guidacatene-e-guidacinghie","7":"product_cat-profili-guida-cinghie","9":"first","10":"instock","11":"shipping-taxable","12":"product-type-simple"},"acf":[],"yoast_head":"<!-- This site is optimized with the Yoast SEO plugin v24.5 - https:\/\/yoast.com\/wordpress\/plugins\/seo\/ -->\n<title>Profili per cinghie trapezoidali | Guidacatene e Guidacinghie, Profili guida cinghie - Gimatec<\/title>\n<meta name=\"description\" content=\"Entdecken Sie jetzt Profili per cinghie trapezoidali ein Gimatec-Produkt der Kategorie Guidacatene e Guidacinghie, Profili guida cinghie\" \/>\n<meta name=\"robots\" content=\"index, follow, max-snippet:-1, max-image-preview:large, max-video-preview:-1\" \/>\n<link rel=\"canonical\" href=\"https:\/\/gimatec.com\/de\/prodotto\/profili-per-cinghie-trapezoidali\/\" \/>\n<meta property=\"og:locale\" content=\"de_DE\" \/>\n<meta property=\"og:type\" content=\"article\" \/>\n<meta property=\"og:title\" content=\"Profili per cinghie trapezoidali | Guidacatene e Guidacinghie, Profili guida cinghie - Gimatec\" \/>\n<meta property=\"og:description\" content=\"Entdecken Sie jetzt Profili per cinghie trapezoidali ein Gimatec-Produkt der Kategorie Guidacatene e Guidacinghie, Profili guida cinghie\" \/>\n<meta property=\"og:url\" content=\"https:\/\/gimatec.com\/de\/prodotto\/profili-per-cinghie-trapezoidali\/\" \/>\n<meta property=\"og:site_name\" content=\"Gimatec\" \/>\n<meta property=\"article:modified_time\" content=\"2022-05-10T14:28:49+00:00\" \/>\n<meta property=\"og:image\" content=\"https:\/\/gimatec.com\/wp-content\/uploads\/2022\/05\/20.png\" \/>\n\t<meta property=\"og:image:width\" content=\"500\" \/>\n\t<meta property=\"og:image:height\" content=\"500\" \/>\n\t<meta property=\"og:image:type\" content=\"image\/png\" \/>\n<meta name=\"twitter:card\" content=\"summary_large_image\" \/>\n<meta name=\"twitter:label1\" content=\"Gesch\u00e4tzte Lesezeit\" \/>\n\t<meta name=\"twitter:data1\" content=\"1\u00a0Minute\" \/>\n<script type=\"application\/ld+json\" class=\"yoast-schema-graph\">{\"@context\":\"https:\/\/schema.org\",\"@graph\":[{\"@type\":\"WebPage\",\"@id\":\"https:\/\/gimatec.com\/de\/prodotto\/profili-per-cinghie-trapezoidali\/\",\"url\":\"https:\/\/gimatec.com\/de\/prodotto\/profili-per-cinghie-trapezoidali\/\",\"name\":\"Profili per cinghie trapezoidali | Guidacatene e Guidacinghie, Profili guida cinghie - Gimatec\",\"isPartOf\":{\"@id\":\"https:\/\/gimatec.com\/de\/#website\"},\"primaryImageOfPage\":{\"@id\":\"https:\/\/gimatec.com\/de\/prodotto\/profili-per-cinghie-trapezoidali\/#primaryimage\"},\"image\":{\"@id\":\"https:\/\/gimatec.com\/de\/prodotto\/profili-per-cinghie-trapezoidali\/#primaryimage\"},\"thumbnailUrl\":\"https:\/\/gimatec.com\/wp-content\/uploads\/2022\/05\/20.png\",\"datePublished\":\"2022-05-10T14:27:17+00:00\",\"dateModified\":\"2022-05-10T14:28:49+00:00\",\"description\":\"Entdecken Sie jetzt Profili per cinghie trapezoidali ein Gimatec-Produkt der Kategorie Guidacatene e Guidacinghie, Profili guida cinghie\",\"breadcrumb\":{\"@id\":\"https:\/\/gimatec.com\/de\/prodotto\/profili-per-cinghie-trapezoidali\/#breadcrumb\"},\"inLanguage\":\"de\",\"potentialAction\":[{\"@type\":\"ReadAction\",\"target\":[\"https:\/\/gimatec.com\/de\/prodotto\/profili-per-cinghie-trapezoidali\/\"]}]},{\"@type\":\"ImageObject\",\"inLanguage\":\"de\",\"@id\":\"https:\/\/gimatec.com\/de\/prodotto\/profili-per-cinghie-trapezoidali\/#primaryimage\",\"url\":\"https:\/\/gimatec.com\/wp-content\/uploads\/2022\/05\/20.png\",\"contentUrl\":\"https:\/\/gimatec.com\/wp-content\/uploads\/2022\/05\/20.png\",\"width\":500,\"height\":500},{\"@type\":\"BreadcrumbList\",\"@id\":\"https:\/\/gimatec.com\/de\/prodotto\/profili-per-cinghie-trapezoidali\/#breadcrumb\",\"itemListElement\":[{\"@type\":\"ListItem\",\"position\":1,\"name\":\"Home\",\"item\":\"https:\/\/gimatec.com\/de\/\"},{\"@type\":\"ListItem\",\"position\":2,\"name\":\"Shop\",\"item\":\"https:\/\/gimatec.com\/negozio\/\"},{\"@type\":\"ListItem\",\"position\":3,\"name\":\"Profili per cinghie trapezoidali\"}]},{\"@type\":\"WebSite\",\"@id\":\"https:\/\/gimatec.com\/de\/#website\",\"url\":\"https:\/\/gimatec.com\/de\/\",\"name\":\"Gimatec\",\"description\":\"\",\"publisher\":{\"@id\":\"https:\/\/gimatec.com\/de\/#organization\"},\"potentialAction\":[{\"@type\":\"SearchAction\",\"target\":{\"@type\":\"EntryPoint\",\"urlTemplate\":\"https:\/\/gimatec.com\/de\/?s={search_term_string}\"},\"query-input\":{\"@type\":\"PropertyValueSpecification\",\"valueRequired\":true,\"valueName\":\"search_term_string\"}}],\"inLanguage\":\"de\"},{\"@type\":\"Organization\",\"@id\":\"https:\/\/gimatec.com\/de\/#organization\",\"name\":\"Gimatec\",\"url\":\"https:\/\/gimatec.com\/de\/\",\"logo\":{\"@type\":\"ImageObject\",\"inLanguage\":\"de\",\"@id\":\"https:\/\/gimatec.com\/de\/#\/schema\/logo\/image\/\",\"url\":\"http:\/\/gimatec.com\/wp-content\/uploads\/2022\/06\/logo-W-01.png\",\"contentUrl\":\"http:\/\/gimatec.com\/wp-content\/uploads\/2022\/06\/logo-W-01.png\",\"width\":2251,\"height\":2251,\"caption\":\"Gimatec\"},\"image\":{\"@id\":\"https:\/\/gimatec.com\/de\/#\/schema\/logo\/image\/\"}}]}<\/script>\n<!-- \/ Yoast SEO plugin. -->","yoast_head_json":{"title":"Profili per cinghie trapezoidali | Guidacatene e Guidacinghie, Profili guida cinghie - Gimatec","description":"Entdecken Sie jetzt Profili per cinghie trapezoidali ein Gimatec-Produkt der Kategorie Guidacatene e Guidacinghie, Profili guida cinghie","robots":{"index":"index","follow":"follow","max-snippet":"max-snippet:-1","max-image-preview":"max-image-preview:large","max-video-preview":"max-video-preview:-1"},"canonical":"https:\/\/gimatec.com\/de\/prodotto\/profili-per-cinghie-trapezoidali\/","og_locale":"de_DE","og_type":"article","og_title":"Profili per cinghie trapezoidali | Guidacatene e Guidacinghie, Profili guida cinghie - Gimatec","og_description":"Entdecken Sie jetzt Profili per cinghie trapezoidali ein Gimatec-Produkt der Kategorie Guidacatene e Guidacinghie, Profili guida cinghie","og_url":"https:\/\/gimatec.com\/de\/prodotto\/profili-per-cinghie-trapezoidali\/","og_site_name":"Gimatec","article_modified_time":"2022-05-10T14:28:49+00:00","og_image":[{"width":500,"height":500,"url":"https:\/\/gimatec.com\/wp-content\/uploads\/2022\/05\/20.png","type":"image\/png"}],"twitter_card":"summary_large_image","twitter_misc":{"Gesch\u00e4tzte Lesezeit":"1\u00a0Minute"},"schema":{"@context":"https:\/\/schema.org","@graph":[{"@type":"WebPage","@id":"https:\/\/gimatec.com\/de\/prodotto\/profili-per-cinghie-trapezoidali\/","url":"https:\/\/gimatec.com\/de\/prodotto\/profili-per-cinghie-trapezoidali\/","name":"Profili per cinghie trapezoidali | Guidacatene e Guidacinghie, Profili guida cinghie - Gimatec","isPartOf":{"@id":"https:\/\/gimatec.com\/de\/#website"},"primaryImageOfPage":{"@id":"https:\/\/gimatec.com\/de\/prodotto\/profili-per-cinghie-trapezoidali\/#primaryimage"},"image":{"@id":"https:\/\/gimatec.com\/de\/prodotto\/profili-per-cinghie-trapezoidali\/#primaryimage"},"thumbnailUrl":"https:\/\/gimatec.com\/wp-content\/uploads\/2022\/05\/20.png","datePublished":"2022-05-10T14:27:17+00:00","dateModified":"2022-05-10T14:28:49+00:00","description":"Entdecken Sie jetzt Profili per cinghie trapezoidali ein Gimatec-Produkt der Kategorie Guidacatene e Guidacinghie, Profili guida cinghie","breadcrumb":{"@id":"https:\/\/gimatec.com\/de\/prodotto\/profili-per-cinghie-trapezoidali\/#breadcrumb"},"inLanguage":"de","potentialAction":[{"@type":"ReadAction","target":["https:\/\/gimatec.com\/de\/prodotto\/profili-per-cinghie-trapezoidali\/"]}]},{"@type":"ImageObject","inLanguage":"de","@id":"https:\/\/gimatec.com\/de\/prodotto\/profili-per-cinghie-trapezoidali\/#primaryimage","url":"https:\/\/gimatec.com\/wp-content\/uploads\/2022\/05\/20.png","contentUrl":"https:\/\/gimatec.com\/wp-content\/uploads\/2022\/05\/20.png","width":500,"height":500},{"@type":"BreadcrumbList","@id":"https:\/\/gimatec.com\/de\/prodotto\/profili-per-cinghie-trapezoidali\/#breadcrumb","itemListElement":[{"@type":"ListItem","position":1,"name":"Home","item":"https:\/\/gimatec.com\/de\/"},{"@type":"ListItem","position":2,"name":"Shop","item":"https:\/\/gimatec.com\/negozio\/"},{"@type":"ListItem","position":3,"name":"Profili per cinghie trapezoidali"}]},{"@type":"WebSite","@id":"https:\/\/gimatec.com\/de\/#website","url":"https:\/\/gimatec.com\/de\/","name":"Gimatec","description":"","publisher":{"@id":"https:\/\/gimatec.com\/de\/#organization"},"potentialAction":[{"@type":"SearchAction","target":{"@type":"EntryPoint","urlTemplate":"https:\/\/gimatec.com\/de\/?s={search_term_string}"},"query-input":{"@type":"PropertyValueSpecification","valueRequired":true,"valueName":"search_term_string"}}],"inLanguage":"de"},{"@type":"Organization","@id":"https:\/\/gimatec.com\/de\/#organization","name":"Gimatec","url":"https:\/\/gimatec.com\/de\/","logo":{"@type":"ImageObject","inLanguage":"de","@id":"https:\/\/gimatec.com\/de\/#\/schema\/logo\/image\/","url":"http:\/\/gimatec.com\/wp-content\/uploads\/2022\/06\/logo-W-01.png","contentUrl":"http:\/\/gimatec.com\/wp-content\/uploads\/2022\/06\/logo-W-01.png","width":2251,"height":2251,"caption":"Gimatec"},"image":{"@id":"https:\/\/gimatec.com\/de\/#\/schema\/logo\/image\/"}}]}},"_links":{"self":[{"href":"https:\/\/gimatec.com\/de\/wp-json\/wp\/v2\/product\/926","targetHints":{"allow":["GET"]}}],"collection":[{"href":"https:\/\/gimatec.com\/de\/wp-json\/wp\/v2\/product"}],"about":[{"href":"https:\/\/gimatec.com\/de\/wp-json\/wp\/v2\/types\/product"}],"wp:featuredmedia":[{"embeddable":true,"href":"https:\/\/gimatec.com\/de\/wp-json\/wp\/v2\/media\/927"}],"wp:attachment":[{"href":"https:\/\/gimatec.com\/de\/wp-json\/wp\/v2\/media?parent=926"}],"wp:term":[{"taxonomy":"product_brand","embeddable":true,"href":"https:\/\/gimatec.com\/de\/wp-json\/wp\/v2\/product_brand?post=926"},{"taxonomy":"product_cat","embeddable":true,"href":"https:\/\/gimatec.com\/de\/wp-json\/wp\/v2\/product_cat?post=926"},{"taxonomy":"product_tag","embeddable":true,"href":"https:\/\/gimatec.com\/de\/wp-json\/wp\/v2\/product_tag?post=926"}],"curies":[{"name":"wp","href":"https:\/\/api.w.org\/{rel}","templated":true}]}}